{"id":1945,"date":"2018-02-11T21:14:29","date_gmt":"2018-02-11T21:14:29","guid":{"rendered":"https:\/\/milada.com\/st-maarten\/accueil\/"},"modified":"2023-09-28T18:10:57","modified_gmt":"2023-09-28T18:10:57","slug":"accueil","status":"publish","type":"page","link":"https:\/\/milada.com\/st-maarten\/fr\/","title":{"rendered":"Accueil"},"content":{"rendered":"<p>[vc_row css_animation=\u00a0\u00bb\u00a0\u00bb row_type=\u00a0\u00bbrow\u00a0\u00bb use_row_as_full_screen_section=\u00a0\u00bbno\u00a0\u00bb type=\u00a0\u00bbgrid\u00a0\u00bb angled_section=\u00a0\u00bbno\u00a0\u00bb text_align=\u00a0\u00bbleft\u00a0\u00bb background_image_as_pattern=\u00a0\u00bbwithout_pattern\u00a0\u00bb css=\u00a0\u00bb.vc_custom_1511297298419{padding-top: 40px !important;padding-bottom: 40px !important;}\u00a0\u00bb][vc_column][vc_column_text el_class=\u00a0\u00bbherorow\u00a0\u00bb]<\/p>\n<h2 style=\"text-align: center;\">Salon-Boutique Milada: Clinique m\u00e9dico-esth\u00e9tique situ\u00e9 \u00e0 Simpson Bay, Philipsburg, Sint Maarten<br \/>\nVotre beaut\u00e9 commence ici!<\/h2>\n<p>[\/vc_column_text][\/vc_column][\/vc_row][vc_row css_animation=\u00a0\u00bb\u00a0\u00bb row_type=\u00a0\u00bbrow\u00a0\u00bb use_row_as_full_screen_section=\u00a0\u00bbno\u00a0\u00bb type=\u00a0\u00bbgrid\u00a0\u00bb angled_section=\u00a0\u00bbno\u00a0\u00bb text_align=\u00a0\u00bbleft\u00a0\u00bb background_image_as_pattern=\u00a0\u00bbwithout_pattern\u00a0\u00bb css=\u00a0\u00bb.vc_custom_1510864475817{padding-top: 60px !important;padding-bottom: 60px !important;}\u00a0\u00bb el_class=\u00a0\u00bbview-our-promo\u00a0\u00bb][vc_column width=\u00a0\u00bb1\/2&Prime;][vc_column_text el_class=\u00a0\u00bbdiscover-prom\u00a0\u00bb]<\/p>\n<p><img decoding=\"async\" src=\"https:\/\/milada.com\/st-maarten\/wp-content\/uploads\/sites\/3\/2018\/02\/flymartin.png\" \/><\/p>\n<h3>D\u00c9COUVREZ UN MONDE DE<\/h3>\n<h2><strong>BEAUT\u00c9 ET BIEN-\u00caTRE<\/strong><\/h2>\n<h3>GR\u00c2CE \u00c0 NOS PROMOTIONS! <em>Offrez un moment m\u00e9morable en cadeau!<\/em><\/h3>\n<a  itemprop=\"url\" href=\"https:\/\/milada.com\/st-maarten\/fr\/promotion\/\" target=\"_self\"  class=\"qbutton  default\" style=\"\">D\u00c9COUVREZ NOS PROMOTIONS<\/a>\n<p>[\/vc_column_text][\/vc_column][vc_column width=\u00a0\u00bb1\/2&Prime;]<div class=\"qode-cards-gallery-holder left\" data-side=left>\n    <div class=\"qode-cards-gallery\">\n                    <div class=\"card\" >\n                                    <img src=\"#\" alt=\"\" class=\"qode-lazy-image\" data-image=\"https:\/\/milada.com\/st-maarten\/wp-content\/uploads\/sites\/3\/2017\/11\/anti-acne-2.jpg\" style=\"width:1024px;height:1px\"data-ratio=\"0.6669921875\" data-lazy=\"true\" \/>\n                            <\/div>\n                    <div class=\"card\" >\n                                    <img src=\"#\" alt=\"\" class=\"qode-lazy-image\" data-image=\"https:\/\/milada.com\/st-maarten\/wp-content\/uploads\/sites\/3\/2017\/11\/deep-cleansing-facial.jpg\" style=\"width:1024px;height:1px\"data-ratio=\"0.6689453125\" data-lazy=\"true\" \/>\n                            <\/div>\n                    <div class=\"card\" >\n                                    <img src=\"#\" alt=\"\" class=\"qode-lazy-image\" data-image=\"https:\/\/milada.com\/st-maarten\/wp-content\/uploads\/sites\/3\/2017\/11\/anti-age.jpg\" style=\"width:1024px;height:1px\"data-ratio=\"0.6669921875\" data-lazy=\"true\" \/>\n                            <\/div>\n            <\/div>\n    <div class=\"fake_card\">\n        <img src=\"https:\/\/milada.com\/st-maarten\/wp-content\/uploads\/sites\/3\/2017\/11\/anti-age.jpg\" alt=\"\">\n    <\/div>\n<\/div>[\/vc_column][\/vc_row][vc_row css_animation=\u00a0\u00bb\u00a0\u00bb row_type=\u00a0\u00bbrow\u00a0\u00bb use_row_as_full_screen_section=\u00a0\u00bbno\u00a0\u00bb type=\u00a0\u00bbgrid\u00a0\u00bb angled_section=\u00a0\u00bbno\u00a0\u00bb text_align=\u00a0\u00bbleft\u00a0\u00bb background_image_as_pattern=\u00a0\u00bbwithout_pattern\u00a0\u00bb css=\u00a0\u00bb.vc_custom_1519643462279{padding-top: 40px !important;padding-bottom: 40px !important;background-color: #eaf6f6 !important;}\u00a0\u00bb][vc_column]<div class='q_masonry_blog'><div class=\"q_masonry_blog_grid_sizer\"><\/div><div class=\"q_masonry_blog_grid_gutter\"><\/div><article  class='post-2805 post type-post status-publish format-standard has-post-thumbnail hentry category-blogue category-non-classifiee '><div class=\"q_masonry_blog_post_image\"><a itemprop=\"url\" href=\"https:\/\/milada.com\/st-maarten\/fr\/hyper-pigmentation-du-visage\/\" target=\"_self\"><img itemprop=\"image\" src=\"https:\/\/milada.com\/st-maarten\/wp-content\/uploads\/sites\/3\/2018\/11\/Hyper-Pigmentation-Facial.jpg\" \/><\/a><\/div><div class=\"q_masonry_blog_post_text\"><h5 itemprop=\"name\" class=\"q_masonry_blog_title entry_title\"><a itemprop=\"url\" href=\"https:\/\/milada.com\/st-maarten\/fr\/hyper-pigmentation-du-visage\/\">Hyper pigmentation du visage<\/a><\/h5><p itemprop=\"description\" class=\"q_masonry_blog_excerpt\">L'hyperpigmentation est une condition commune de la peau, g\u00e9n\u00e9ralement sans danger, qui cr\u00e9e la formation de taches fonc\u00e9es sur la peau. Cette pigmentation se produit lorsqu'il y a une accumulation de m\u00e9lanine, le pigment brun qui produit la couleur naturelle de la peau, qui se forme en d\u00e9p\u00f4t sur une zone de la peau....<\/p><div class=\"q_masonry_blog_post_info\"><span itemprop=\"dateCreated\" class=\"time entry_date updated\">08 novembre, 2018<meta itemprop=\"interactionCount\" content=\"UserComments: <?php echo get_comments_number(qode_get_page_id()); ?>\"\/><\/span><\/div><\/div><\/article><article  class='post-2798 post type-post status-publish format-standard has-post-thumbnail hentry category-blogue category-non-classifiee '><div class=\"q_masonry_blog_post_image\"><a itemprop=\"url\" href=\"https:\/\/milada.com\/st-maarten\/fr\/butt-facial-soin-des-fesses\/\" target=\"_self\"><img itemprop=\"image\" src=\"https:\/\/milada.com\/st-maarten\/wp-content\/uploads\/sites\/3\/2018\/11\/butt.jpg\" \/><\/a><\/div><div class=\"q_masonry_blog_post_text\"><h5 itemprop=\"name\" class=\"q_masonry_blog_title entry_title\"><a itemprop=\"url\" href=\"https:\/\/milada.com\/st-maarten\/fr\/butt-facial-soin-des-fesses\/\">\u201cButt Facial\u201d Soin des fesses<\/a><\/h5><p itemprop=\"description\" class=\"q_masonry_blog_excerpt\">Remove pimples, acne, irritation, skin imperfections on your buttock in Montreal, Plateau Mont-Royal at Spa and Beauty Salon Milada...<\/p><div class=\"q_masonry_blog_post_info\"><span itemprop=\"dateCreated\" class=\"time entry_date updated\">05 novembre, 2018<meta itemprop=\"interactionCount\" content=\"UserComments: <?php echo get_comments_number(qode_get_page_id()); ?>\"\/><\/span><\/div><\/div><\/article><article  class='post-2751 post type-post status-publish format-standard has-post-thumbnail hentry category-blogue '><div class=\"q_masonry_blog_post_image\"><a itemprop=\"url\" href=\"https:\/\/milada.com\/st-maarten\/fr\/soin-chouchou-pour-la-future-mariee\/\" target=\"_self\"><img itemprop=\"image\" src=\"https:\/\/milada.com\/st-maarten\/wp-content\/uploads\/sites\/3\/2018\/06\/bride.jpg\" \/><\/a><\/div><div class=\"q_masonry_blog_post_text\"><h5 itemprop=\"name\" class=\"q_masonry_blog_title entry_title\"><a itemprop=\"url\" href=\"https:\/\/milada.com\/st-maarten\/fr\/soin-chouchou-pour-la-future-mariee\/\">Soin chouchou pour la future mari\u00e9e<\/a><\/h5><p itemprop=\"description\" class=\"q_masonry_blog_excerpt\">Si vous souffrez pr\u00e9sentement d\u2019un cas avanc\u00e9 d\u2019acn\u00e9 ou bien de pigmentation in\u00e9gale, il est mieux d\u2019avoir la situation sous-contr\u00f4le \u00e0 l\u2019avance....<\/p><div class=\"q_masonry_blog_post_info\"><span itemprop=\"dateCreated\" class=\"time entry_date updated\">18 juin, 2018<meta itemprop=\"interactionCount\" content=\"UserComments: <?php echo get_comments_number(qode_get_page_id()); ?>\"\/><\/span><\/div><\/div><\/article><\/div>[\/vc_column][\/vc_row][vc_row css_animation=\u00a0\u00bb\u00a0\u00bb row_type=\u00a0\u00bbrow\u00a0\u00bb use_row_as_full_screen_section=\u00a0\u00bbno\u00a0\u00bb type=\u00a0\u00bbfull_width\u00a0\u00bb angled_section=\u00a0\u00bbno\u00a0\u00bb text_align=\u00a0\u00bbleft\u00a0\u00bb background_image_as_pattern=\u00a0\u00bbwithout_pattern\u00a0\u00bb el_class=\u00a0\u00bbcalltobottom\u00a0\u00bb][vc_column][vc_column_text]<\/p>\n<h2 style=\"text-align: center;\">CONSULTATION GRATUITE PAR NOS EXPERTS!<\/h2>\n<p>Nos offrons l&rsquo;\u00e9valuation personnalis\u00e9e de votre peau par nos professionnels des soins esth\u00e9tiques avant de vous engager \u00e0 un plan de traitements.<\/p>\n<p>Chez Milada, chaque traitement est adapt\u00e9 \u00e0 votre type, condition et sensibilit\u00e9 de peau.<\/p>\n<p>Nos technologies \u00e0 la fine pointe du domaine esth\u00e9tique combin\u00e9 \u00e0 nos traitements adapt\u00e9s et nos programmes de rajeunissement vous permettrons de vous sentir \u00e0 votre meilleur![\/vc_column_text]<a id=\"consultation\" itemprop=\"url\" href=\"https:\/\/home.shortcutssoftware.com\/miladaspabookonline\" target=\"_blank\"  class=\"qbutton  center default\" style=\"\">Prenez Rendez-vous en Ligne<\/a>[\/vc_column][\/vc_row]<\/p>\n","protected":false},"excerpt":{"rendered":"<p>[vc_row css_animation=\u00a0\u00bb\u00a0\u00bb row_type=\u00a0\u00bbrow\u00a0\u00bb use_row_as_full_screen_section=\u00a0\u00bbno\u00a0\u00bb type=\u00a0\u00bbgrid\u00a0\u00bb angled_section=\u00a0\u00bbno\u00a0\u00bb text_align=\u00a0\u00bbleft\u00a0\u00bb background_image_as_pattern=\u00a0\u00bbwithout_pattern\u00a0\u00bb css=\u00a0\u00bb.vc_custom_1511297298419{padding-top: 40px !important;padding-bottom: 40px !important;}\u00a0\u00bb][vc_column][vc_column_text el_class=\u00a0\u00bbherorow\u00a0\u00bb] Salon-Boutique Milada: Clinique m\u00e9dico-esth\u00e9tique situ\u00e9 \u00e0 Simpson Bay, Philipsburg, Sint Maarten Votre beaut\u00e9 commence ici! [\/vc_column_text][\/vc_column][\/vc_row][vc_row css_animation=\u00a0\u00bb\u00a0\u00bb row_type=\u00a0\u00bbrow\u00a0\u00bb use_row_as_full_screen_section=\u00a0\u00bbno\u00a0\u00bb type=\u00a0\u00bbgrid\u00a0\u00bb angled_section=\u00a0\u00bbno\u00a0\u00bb text_align=\u00a0\u00bbleft\u00a0\u00bb background_image_as_pattern=\u00a0\u00bbwithout_pattern\u00a0\u00bb css=\u00a0\u00bb.vc_custom_1510864475817{padding-top: 60px !important;padding-bottom: 60px !important;}\u00a0\u00bb el_class=\u00a0\u00bbview-our-promo\u00a0\u00bb][vc_column width=\u00a0\u00bb1\/2&Prime;][vc_column_text el_class=\u00a0\u00bbdiscover-prom\u00a0\u00bb]&#8230;<\/p>\n","protected":false},"author":1,"featured_media":0,"parent":0,"menu_order":0,"comment_status":"closed","ping_status":"closed","template":"full_width.php","meta":{"footnotes":""},"yoast_head":"<!-- This site is optimized with the Yoast SEO plugin v20.13 - https:\/\/yoast.com\/wordpress\/plugins\/seo\/ -->\n<title>MEDICAL SPA BEAUTY SALON SINT MAARTEN, SAINT MARTIN, SXM<\/title>\n<meta name=\"description\" content=\"Facial Treatments, Hair Removal, Manicure, Pedicure, Esthetics MILADA CANADIAN TECHNOLOGIES : SIMPSON BAY, PHILIPSBURG, SINT MAARTEN, SAINT MARTIN, SXM\" \/>\n<meta name=\"robots\" content=\"index, follow, max-snippet:-1, max-image-preview:large, max-video-preview:-1\" \/>\n<link rel=\"canonical\" href=\"https:\/\/milada.com\/st-maarten\/fr\/\" \/>\n<meta property=\"og:locale\" content=\"fr_FR\" \/>\n<meta property=\"og:type\" content=\"article\" \/>\n<meta property=\"og:title\" content=\"MEDICAL SPA BEAUTY SALON SINT MAARTEN, SAINT MARTIN, SXM\" \/>\n<meta property=\"og:description\" content=\"Facial Treatments, Hair Removal, Manicure, Pedicure, Esthetics MILADA CANADIAN TECHNOLOGIES : SIMPSON BAY, PHILIPSBURG, SINT MAARTEN, SAINT MARTIN, SXM\" \/>\n<meta property=\"og:url\" content=\"https:\/\/milada.com\/st-maarten\/fr\/\" \/>\n<meta property=\"og:site_name\" content=\"Milada Caribbean St-Maarten\" \/>\n<meta property=\"article:modified_time\" content=\"2023-09-28T18:10:57+00:00\" \/>\n<meta property=\"og:image\" content=\"https:\/\/milada.com\/st-maarten\/wp-content\/uploads\/sites\/3\/2018\/02\/flymartin.png\" \/>\n<meta name=\"twitter:card\" content=\"summary_large_image\" \/>\n<meta name=\"twitter:label1\" content=\"Dur\u00e9e de lecture estim\u00e9e\" \/>\n\t<meta name=\"twitter:data1\" content=\"1 minute\" \/>\n<script type=\"application\/ld+json\" class=\"yoast-schema-graph\">{\"@context\":\"https:\/\/schema.org\",\"@graph\":[{\"@type\":\"WebPage\",\"@id\":\"https:\/\/milada.com\/st-maarten\/fr\/\",\"url\":\"https:\/\/milada.com\/st-maarten\/fr\/\",\"name\":\"MEDICAL SPA BEAUTY SALON SINT MAARTEN, SAINT MARTIN, SXM\",\"isPartOf\":{\"@id\":\"https:\/\/milada.com\/st-maarten\/fr\/#website\"},\"datePublished\":\"2018-02-11T21:14:29+00:00\",\"dateModified\":\"2023-09-28T18:10:57+00:00\",\"description\":\"Facial Treatments, Hair Removal, Manicure, Pedicure, Esthetics MILADA CANADIAN TECHNOLOGIES : SIMPSON BAY, PHILIPSBURG, SINT MAARTEN, SAINT MARTIN, SXM\",\"breadcrumb\":{\"@id\":\"https:\/\/milada.com\/st-maarten\/fr\/#breadcrumb\"},\"inLanguage\":\"fr-FR\",\"potentialAction\":[{\"@type\":\"ReadAction\",\"target\":[\"https:\/\/milada.com\/st-maarten\/fr\/\"]}]},{\"@type\":\"BreadcrumbList\",\"@id\":\"https:\/\/milada.com\/st-maarten\/fr\/#breadcrumb\",\"itemListElement\":[{\"@type\":\"ListItem\",\"position\":1,\"name\":\"Home\",\"item\":\"https:\/\/milada.com\/st-maarten\/fr\/\"},{\"@type\":\"ListItem\",\"position\":2,\"name\":\"Accueil\"}]},{\"@type\":\"WebSite\",\"@id\":\"https:\/\/milada.com\/st-maarten\/fr\/#website\",\"url\":\"https:\/\/milada.com\/st-maarten\/fr\/\",\"name\":\"Milada Caribbean St-Maarten\",\"description\":\"Just another Milada Sites site\",\"potentialAction\":[{\"@type\":\"SearchAction\",\"target\":{\"@type\":\"EntryPoint\",\"urlTemplate\":\"https:\/\/milada.com\/st-maarten\/fr\/?s={search_term_string}\"},\"query-input\":\"required name=search_term_string\"}],\"inLanguage\":\"fr-FR\"}]}<\/script>\n<!-- \/ Yoast SEO plugin. -->","yoast_head_json":{"title":"MEDICAL SPA BEAUTY SALON SINT MAARTEN, SAINT MARTIN, SXM","description":"Facial Treatments, Hair Removal, Manicure, Pedicure, Esthetics MILADA CANADIAN TECHNOLOGIES : SIMPSON BAY, PHILIPSBURG, SINT MAARTEN, SAINT MARTIN, SXM","robots":{"index":"index","follow":"follow","max-snippet":"max-snippet:-1","max-image-preview":"max-image-preview:large","max-video-preview":"max-video-preview:-1"},"canonical":"https:\/\/milada.com\/st-maarten\/fr\/","og_locale":"fr_FR","og_type":"article","og_title":"MEDICAL SPA BEAUTY SALON SINT MAARTEN, SAINT MARTIN, SXM","og_description":"Facial Treatments, Hair Removal, Manicure, Pedicure, Esthetics MILADA CANADIAN TECHNOLOGIES : SIMPSON BAY, PHILIPSBURG, SINT MAARTEN, SAINT MARTIN, SXM","og_url":"https:\/\/milada.com\/st-maarten\/fr\/","og_site_name":"Milada Caribbean St-Maarten","article_modified_time":"2023-09-28T18:10:57+00:00","og_image":[{"url":"https:\/\/milada.com\/st-maarten\/wp-content\/uploads\/sites\/3\/2018\/02\/flymartin.png"}],"twitter_card":"summary_large_image","twitter_misc":{"Dur\u00e9e de lecture estim\u00e9e":"1 minute"},"schema":{"@context":"https:\/\/schema.org","@graph":[{"@type":"WebPage","@id":"https:\/\/milada.com\/st-maarten\/fr\/","url":"https:\/\/milada.com\/st-maarten\/fr\/","name":"MEDICAL SPA BEAUTY SALON SINT MAARTEN, SAINT MARTIN, SXM","isPartOf":{"@id":"https:\/\/milada.com\/st-maarten\/fr\/#website"},"datePublished":"2018-02-11T21:14:29+00:00","dateModified":"2023-09-28T18:10:57+00:00","description":"Facial Treatments, Hair Removal, Manicure, Pedicure, Esthetics MILADA CANADIAN TECHNOLOGIES : SIMPSON BAY, PHILIPSBURG, SINT MAARTEN, SAINT MARTIN, SXM","breadcrumb":{"@id":"https:\/\/milada.com\/st-maarten\/fr\/#breadcrumb"},"inLanguage":"fr-FR","potentialAction":[{"@type":"ReadAction","target":["https:\/\/milada.com\/st-maarten\/fr\/"]}]},{"@type":"BreadcrumbList","@id":"https:\/\/milada.com\/st-maarten\/fr\/#breadcrumb","itemListElement":[{"@type":"ListItem","position":1,"name":"Home","item":"https:\/\/milada.com\/st-maarten\/fr\/"},{"@type":"ListItem","position":2,"name":"Accueil"}]},{"@type":"WebSite","@id":"https:\/\/milada.com\/st-maarten\/fr\/#website","url":"https:\/\/milada.com\/st-maarten\/fr\/","name":"Milada Caribbean St-Maarten","description":"Just another Milada Sites site","potentialAction":[{"@type":"SearchAction","target":{"@type":"EntryPoint","urlTemplate":"https:\/\/milada.com\/st-maarten\/fr\/?s={search_term_string}"},"query-input":"required name=search_term_string"}],"inLanguage":"fr-FR"}]}},"_links":{"self":[{"href":"https:\/\/milada.com\/st-maarten\/fr\/wp-json\/wp\/v2\/pages\/1945"}],"collection":[{"href":"https:\/\/milada.com\/st-maarten\/fr\/wp-json\/wp\/v2\/pages"}],"about":[{"href":"https:\/\/milada.com\/st-maarten\/fr\/wp-json\/wp\/v2\/types\/page"}],"author":[{"embeddable":true,"href":"https:\/\/milada.com\/st-maarten\/fr\/wp-json\/wp\/v2\/users\/1"}],"replies":[{"embeddable":true,"href":"https:\/\/milada.com\/st-maarten\/fr\/wp-json\/wp\/v2\/comments?post=1945"}],"version-history":[{"count":17,"href":"https:\/\/milada.com\/st-maarten\/fr\/wp-json\/wp\/v2\/pages\/1945\/revisions"}],"predecessor-version":[{"id":2471,"href":"https:\/\/milada.com\/st-maarten\/fr\/wp-json\/wp\/v2\/pages\/1945\/revisions\/2471"}],"wp:attachment":[{"href":"https:\/\/milada.com\/st-maarten\/fr\/wp-json\/wp\/v2\/media?parent=1945"}],"curies":[{"name":"wp","href":"https:\/\/api.w.org\/{rel}","templated":true}]}}