{"id":1938,"date":"2018-02-11T20:46:10","date_gmt":"2018-02-11T20:46:10","guid":{"rendered":"https:\/\/milada.com\/st-maarten\/certificats-cadeau\/"},"modified":"2018-04-12T12:25:59","modified_gmt":"2018-04-12T12:25:59","slug":"certificats-cadeau","status":"publish","type":"page","link":"https:\/\/milada.com\/st-maarten\/fr\/certificats-cadeau\/","title":{"rendered":"Certificats-Cadeau"},"content":{"rendered":"<p>[vc_row css_animation=\u00a0\u00bb\u00a0\u00bb row_type=\u00a0\u00bbrow\u00a0\u00bb use_row_as_full_screen_section=\u00a0\u00bbno\u00a0\u00bb type=\u00a0\u00bbgrid\u00a0\u00bb angled_section=\u00a0\u00bbno\u00a0\u00bb text_align=\u00a0\u00bbleft\u00a0\u00bb background_image=\u00a0\u00bb483&Prime; background_image_as_pattern=\u00a0\u00bbwithout_pattern\u00a0\u00bb background_color=\u00a0\u00bb#eaf6f6&Prime; css=\u00a0\u00bb.vc_custom_1519643385361{padding-top: 60px !important;padding-bottom: 60px !important;}\u00a0\u00bb el_id=\u00a0\u00bbgiftblock\u00a0\u00bb][vc_column width=\u00a0\u00bb1\/3&Prime;][\/vc_column][vc_column width=\u00a0\u00bb1\/3&Prime; el_class=\u00a0\u00bbgift-col\u00a0\u00bb][vc_column_text el_class=\u00a0\u00bbslogan-gift\u00a0\u00bb]<\/p>\n<h2>Votre beaut\u00e9 commence ici!<\/h2>\n<p>[\/vc_column_text][vc_single_image image=\u00a0\u00bb2686&Prime; img_size=\u00a0\u00bbfull\u00a0\u00bb alignment=\u00a0\u00bbcenter\u00a0\u00bb qode_css_animation=\u00a0\u00bb\u00a0\u00bb][\/vc_column][vc_column width=\u00a0\u00bb1\/3&Prime; css=\u00a0\u00bb.vc_custom_1510861838685{background-color: #ffffff !important;}\u00a0\u00bb el_class=\u00a0\u00bbpaypalcol\u00a0\u00bb][vc_column_text el_class=\u00a0\u00bbgift-text\u00a0\u00bb]<\/p>\n<h3>D\u00c9COUVREZ LE MONDE DE LA BEAUT\u00c9 ET DU BIEN-\u00caTRE, OFFREZ DES MOMENTS M\u00c9MORABLES EN CADEAU!<\/h3>\n<p>Nos technologies avant-garde m\u00e9dico-esth\u00e9tiques, nos traitements sur mesure ainsi que nos programmes de rajeunissement vous ferons sentir et paraitre \u00e0 votre meilleur![\/vc_column_text][vc_raw_html]JTNDZm9ybSUyMGNsYXNzJTNEJTIycGF5cGFsZm9ybSUyMiUyMGFjdGlvbiUzRCUyMmh0dHBzJTNBJTJGJTJGd3d3LnBheXBhbC5jb20lMkZjZ2ktYmluJTJGd2Vic2NyJTIyJTIwbWV0aG9kJTNEJTIycG9zdCUyMiUyMHRhcmdldCUzRCUyMl90b3AlMjIlM0UlMEElM0NpbnB1dCUyMHR5cGUlM0QlMjJoaWRkZW4lMjIlMjBuYW1lJTNEJTIyY21kJTIyJTIwdmFsdWUlM0QlMjJfcy14Y2xpY2slMjIlM0UlMEElM0NpbnB1dCUyMHR5cGUlM0QlMjJoaWRkZW4lMjIlMjBuYW1lJTNEJTIyaG9zdGVkX2J1dHRvbl9pZCUyMiUyMHZhbHVlJTNEJTIySlJLU1BOQktUTUQ4USUyMiUzRSUwQSUzQ3RhYmxlJTNFJTBBJTNDdHIlM0UlM0N0ZCUzRSUzQ2lucHV0JTIwdHlwZSUzRCUyMmhpZGRlbiUyMiUyMG5hbWUlM0QlMjJvbjAlMjIlMjB2YWx1ZSUzRCUyMkNlcnRpZmljYXQtQ2FkZWF1JTIyJTNFQ2VydGlmaWNhdC1DYWRlYXUlM0MlMkZ0ZCUzRSUzQyUyRnRyJTNFJTNDdHIlM0UlM0N0ZCUzRSUzQ3NlbGVjdCUyMG5hbWUlM0QlMjJvczAlMjIlM0UlMEElMDklM0NvcHRpb24lMjB2YWx1ZSUzRCUyMjUwJTI0JTIwQ2VydGlmaWNhdC1DYWRlYXUlMjAtJTIyJTNFNTAlMjQlMjBDZXJ0aWZpY2F0LUNhZGVhdSUyMC0lMjAlMjQ1MC4wMCUyMENBRCUzQyUyRm9wdGlvbiUzRSUwQSUwOSUzQ29wdGlvbiUyMHZhbHVlJTNEJTIyMTAwJTI0JTIwQ2VydGlmaWNhdC1DYWRlYXUlMjAtJTIyJTNFMTAwJTI0JTIwQ2VydGlmaWNhdC1DYWRlYXUlMjAtJTIwJTI0MTAwLjAwJTIwQ0FEJTNDJTJGb3B0aW9uJTNFJTBBJTA5JTNDb3B0aW9uJTIwdmFsdWUlM0QlMjIxNTAlMjQlMjBDZXJ0aWZpY2F0LUNhZGVhdSUyMC0lMjIlM0UxNTAlMjQlMjBDZXJ0aWZpY2F0LUNhZGVhdSUyMC0lMjAlMjQxNTAuMDAlMjBDQUQlM0MlMkZvcHRpb24lM0UlMEElMDklM0NvcHRpb24lMjB2YWx1ZSUzRCUyMjIwMCUyNCUyMENlcnRpZmljYXQtQ2FkZWF1JTIwLSUyMiUzRTIwMCUyNCUyMENlcnRpZmljYXQtQ2FkZWF1JTIwLSUyMCUyNDIwMC4wMCUyMENBRCUzQyUyRm9wdGlvbiUzRSUwQSUwOSUzQ29wdGlvbiUyMHZhbHVlJTNEJTIyMjUwJTI0JTIwQ2VydGlmaWNhdC1DYWRlYXUlMjAtJTIyJTNFMjUwJTI0JTIwQ2VydGlmaWNhdC1DYWRlYXUlMjAtJTIwJTI0MjUwLjAwJTIwQ0FEJTNDJTJGb3B0aW9uJTNFJTBBJTA5JTNDb3B0aW9uJTIwdmFsdWUlM0QlMjIzMDAlMjQlMjBDZXJ0aWZpY2F0LUNhZGVhdSUyMC0lMjIlM0UzMDAlMjQlMjBDZXJ0aWZpY2F0LUNhZGVhdSUyMC0lMjAlMjQzMDAuMDAlMjBDQUQlM0MlMkZvcHRpb24lM0UlMEElMDklM0NvcHRpb24lMjB2YWx1ZSUzRCUyMjQwMCUyNCUyMENlcnRpZmljYXQtQ2FkZWF1JTIwLSUyMiUzRTQwMCUyNCUyMENlcnRpZmljYXQtQ2FkZWF1JTIwLSUyMCUyNDQwMC4wMCUyMENBRCUzQyUyRm9wdGlvbiUzRSUwQSUwOSUzQ29wdGlvbiUyMHZhbHVlJTNEJTIyNTAwJTI0JTIwQ2VydGlmaWNhdC1DYWRlYXUlMjAtJTIyJTNFNTAwJTI0JTIwQ2VydGlmaWNhdC1DYWRlYXUlMjAtJTIwJTI0NTAwLjAwJTIwQ0FEJTNDJTJGb3B0aW9uJTNFJTBBJTA5JTNDb3B0aW9uJTIwdmFsdWUlM0QlMjI4MDAlMjQlMjBDZXJ0aWZpY2F0LUNhZGVhdSUyMC0lMjIlM0U4MDAlMjQlMjBDZXJ0aWZpY2F0LUNhZGVhdSUyMC0lMjAlMjQ4MDAuMDAlMjBDQUQlM0MlMkZvcHRpb24lM0UlMEElMDklM0NvcHRpb24lMjB2YWx1ZSUzRCUyMjEwMDAlMjQlMjBDZXJ0aWZpY2F0LUNhZGVhdSUyMC0lMjIlM0UxMDAwJTI0JTIwQ2VydGlmaWNhdC1DYWRlYXUlMjAtJTIwJTI0MSUyQzAwMC4wMCUyMENBRCUzQyUyRm9wdGlvbiUzRSUwQSUzQyUyRnNlbGVjdCUzRSUyMCUzQyUyRnRkJTNFJTNDJTJGdHIlM0UlMEElM0N0ciUzRSUzQ3RkJTNFJTNDaW5wdXQlMjB0eXBlJTNEJTIyaGlkZGVuJTIyJTIwbmFtZSUzRCUyMm9uMSUyMiUyMHZhbHVlJTNEJTIyTGl2cmFpc29uJTIyJTNFTGl2cmFpc29uJTNDJTJGdGQlM0UlM0MlMkZ0ciUzRSUzQ3RyJTNFJTNDdGQlM0UlM0NzZWxlY3QlMjBuYW1lJTNEJTIyb3MxJTIyJTNFJTBBJTA5JTNDb3B0aW9uJTIwdmFsdWUlM0QlMjJFbiUyMHBlcnNvbm5lJTIwJUMzJUEwJTIwbm90cmUlMjBjbGluaXF1ZSUyMiUzRUVuJTIwcGVyc29ubmUlMjAlQzMlQTAlMjBub3RyZSUyMGNsaW5pcXVlJTIwJTNDJTJGb3B0aW9uJTNFJTBBJTA5JTNDb3B0aW9uJTIwdmFsdWUlM0QlMjJQYXIlMjBlbWFpbCUyMiUzRVBhciUyMGVtYWlsJTIwJTNDJTJGb3B0aW9uJTNFJTBBJTNDJTJGc2VsZWN0JTNFJTIwJTNDJTJGdGQlM0UlM0MlMkZ0ciUzRSUwQSUzQ3RyJTNFJTNDdGQlM0UlM0NpbnB1dCUyMHR5cGUlM0QlMjJoaWRkZW4lMjIlMjBuYW1lJTNEJTIyb24yJTIyJTIwdmFsdWUlM0QlMjIlQzMlODAlMjIlM0UlQzMlODAlM0MlMkZ0ZCUzRSUzQyUyRnRyJTNFJTNDdHIlM0UlM0N0ZCUzRSUzQ2lucHV0JTIwdHlwZSUzRCUyMnRleHQlMjIlMjBuYW1lJTNEJTIyb3MyJTIyJTIwbWF4bGVuZ3RoJTNEJTIyMjAwJTIyJTNFJTNDJTJGdGQlM0UlM0MlMkZ0ciUzRSUwQSUzQ3RyJTNFJTNDdGQlM0UlM0NpbnB1dCUyMHR5cGUlM0QlMjJoaWRkZW4lMjIlMjBuYW1lJTNEJTIyb24zJTIyJTIwdmFsdWUlM0QlMjJEZSUyMiUzRURlJTNDJTJGdGQlM0UlM0MlMkZ0ciUzRSUzQ3RyJTNFJTNDdGQlM0UlM0NpbnB1dCUyMHR5cGUlM0QlMjJ0ZXh0JTIyJTIwbmFtZSUzRCUyMm9zMyUyMiUyMG1heGxlbmd0aCUzRCUyMjIwMCUyMiUzRSUzQyUyRnRkJTNFJTNDJTJGdHIlM0UlMEElM0MlMkZ0YWJsZSUzRSUwQSUzQ2lucHV0JTIwdHlwZSUzRCUyMmhpZGRlbiUyMiUyMG5hbWUlM0QlMjJjdXJyZW5jeV9jb2RlJTIyJTIwdmFsdWUlM0QlMjJDQUQlMjIlM0UlMEElM0NpbnB1dCUyMHR5cGUlM0QlMjJpbWFnZSUyMiUyMHNyYyUzRCUyMmh0dHBzJTNBJTJGJTJGd3d3LnBheXBhbG9iamVjdHMuY29tJTJGZnJfQ0ElMkZpJTJGYnRuJTJGYnRuX2J1eW5vd0NDX0xHLmdpZiUyMiUyMGJvcmRlciUzRCUyMjAlMjIlMjBuYW1lJTNEJTIyc3VibWl0JTIyJTIwYWx0JTNEJTIyUGF5UGFsJTIwLSUyMGxhJTIwc29sdXRpb24lMjBkZSUyMHBhaWVtZW50JTIwZW4lMjBsaWduZSUyMGxhJTIwcGx1cyUyMHNpbXBsZSUyMGV0JTIwbGElMjBwbHVzJTIwcyVDMyVBOWN1cmlzJUMzJUE5ZSUyMCUyMSUyMiUzRSUwQSUzQ2ltZyUyMGFsdCUzRCUyMiUyMiUyMGJvcmRlciUzRCUyMjAlMjIlMjBzcmMlM0QlMjJodHRwcyUzQSUyRiUyRnd3dy5wYXlwYWxvYmplY3RzLmNvbSUyRmVuX1VTJTJGaSUyRnNjciUyRnBpeGVsLmdpZiUyMiUyMHdpZHRoJTNEJTIyMSUyMiUyMGhlaWdodCUzRCUyMjElMjIlM0UlMEElM0MlMkZmb3JtJTNFJTBB[\/vc_raw_html][\/vc_column][\/vc_row][vc_row css_animation=\u00a0\u00bb\u00a0\u00bb row_type=\u00a0\u00bbrow\u00a0\u00bb use_row_as_full_screen_section=\u00a0\u00bbno\u00a0\u00bb type=\u00a0\u00bbgrid\u00a0\u00bb angled_section=\u00a0\u00bbno\u00a0\u00bb text_align=\u00a0\u00bbleft\u00a0\u00bb background_image_as_pattern=\u00a0\u00bbwithout_pattern\u00a0\u00bb css=\u00a0\u00bb.vc_custom_1510864475817{padding-top: 60px !important;padding-bottom: 60px !important;}\u00a0\u00bb el_class=\u00a0\u00bbview-our-promo\u00a0\u00bb][vc_column width=\u00a0\u00bb1\/2&Prime;][vc_column_text el_class=\u00a0\u00bbdiscover-prom\u00a0\u00bb]<img decoding=\"async\" src=\"https:\/\/milada.com\/st-maarten\/wp-content\/uploads\/sites\/3\/2018\/02\/flymartin.png\" \/><\/p>\n<h3>D\u00c9COUVREZ UN MONDE DE<\/h3>\n<h2><strong>BEAUT\u00c9 ET BIEN-\u00caTRE<\/strong><\/h2>\n<h3>GR\u00c2CE \u00c0 NOS PROMOTIONS!\u00a0<em>Offrez un moment m\u00e9morable en cadeau! <\/em><\/h3>\n<p><a  itemprop=\"url\" href=\"https:\/\/milada.com\/st-maarten\/fr\/promotion\/\" target=\"_self\"  class=\"qbutton  default\" style=\"\">D\u00c9COUVREZ NOS PROMOTIONS<\/a>[\/vc_column_text][\/vc_column][vc_column width=\u00a0\u00bb1\/2&Prime;]<div class=\"qode-cards-gallery-holder left\" data-side=left>\n    <div class=\"qode-cards-gallery\">\n                    <div class=\"card\" >\n                                    <img src=\"#\" alt=\"\" class=\"qode-lazy-image\" data-image=\"https:\/\/milada.com\/st-maarten\/wp-content\/uploads\/sites\/3\/2017\/11\/anti-acne-2.jpg\" style=\"width:1024px;height:1px\"data-ratio=\"0.6669921875\" data-lazy=\"true\" \/>\n                            <\/div>\n                    <div class=\"card\" >\n                                    <img src=\"#\" alt=\"\" class=\"qode-lazy-image\" data-image=\"https:\/\/milada.com\/st-maarten\/wp-content\/uploads\/sites\/3\/2017\/11\/deep-cleansing-facial.jpg\" style=\"width:1024px;height:1px\"data-ratio=\"0.6689453125\" data-lazy=\"true\" \/>\n                            <\/div>\n                    <div class=\"card\" >\n                                    <img src=\"#\" alt=\"\" class=\"qode-lazy-image\" data-image=\"https:\/\/milada.com\/st-maarten\/wp-content\/uploads\/sites\/3\/2017\/11\/anti-age.jpg\" style=\"width:1024px;height:1px\"data-ratio=\"0.6669921875\" data-lazy=\"true\" \/>\n                            <\/div>\n            <\/div>\n    <div class=\"fake_card\">\n        <img src=\"https:\/\/milada.com\/st-maarten\/wp-content\/uploads\/sites\/3\/2017\/11\/anti-age.jpg\" alt=\"\">\n    <\/div>\n<\/div>[\/vc_column][\/vc_row][vc_row css_animation=\u00a0\u00bb\u00a0\u00bb row_type=\u00a0\u00bbrow\u00a0\u00bb use_row_as_full_screen_section=\u00a0\u00bbno\u00a0\u00bb type=\u00a0\u00bbfull_width\u00a0\u00bb angled_section=\u00a0\u00bbno\u00a0\u00bb text_align=\u00a0\u00bbleft\u00a0\u00bb background_image_as_pattern=\u00a0\u00bbwithout_pattern\u00a0\u00bb el_class=\u00a0\u00bbcalltobottom\u00a0\u00bb][vc_column][vc_column_text]<\/p>\n<h2 style=\"text-align: center;\">CONSULTATION GRATUITE PAR NOS EXPERTS!<\/h2>\n<p>Nos offrons l&rsquo;\u00e9valuation personnalis\u00e9e de votre peau par nos professionnels des soins esth\u00e9tiques avant de vous engager \u00e0 un plan de traitements.<\/p>\n<p>Chez Milada, chaque traitement est adapt\u00e9 \u00e0 votre type, condition et sensibilit\u00e9 de peau.<\/p>\n<p>Nos technologies \u00e0 la fine pointe du domaine esth\u00e9tique combin\u00e9 \u00e0 nos traitements adapt\u00e9s et nos programmes de rajeunissement vous permettrons de vous sentir \u00e0 votre meilleur!<br \/>\n[\/vc_column_text]<a id=\"consultation\" itemprop=\"url\" href=\"https:\/\/home.shortcutssoftware.com\/miladaspabookonline\" target=\"_blank\"  class=\"qbutton  center default\" style=\"\">Prenez Rendez-vous en Ligne<\/a>[\/vc_column][\/vc_row]<\/p>\n","protected":false},"excerpt":{"rendered":"<p>[vc_row css_animation=\u00a0\u00bb\u00a0\u00bb row_type=\u00a0\u00bbrow\u00a0\u00bb use_row_as_full_screen_section=\u00a0\u00bbno\u00a0\u00bb type=\u00a0\u00bbgrid\u00a0\u00bb angled_section=\u00a0\u00bbno\u00a0\u00bb text_align=\u00a0\u00bbleft\u00a0\u00bb background_image=\u00a0\u00bb483&Prime; background_image_as_pattern=\u00a0\u00bbwithout_pattern\u00a0\u00bb background_color=\u00a0\u00bb#eaf6f6&Prime; css=\u00a0\u00bb.vc_custom_1519643385361{padding-top: 60px !important;padding-bottom: 60px !important;}\u00a0\u00bb el_id=\u00a0\u00bbgiftblock\u00a0\u00bb][vc_column width=\u00a0\u00bb1\/3&Prime;][\/vc_column][vc_column width=\u00a0\u00bb1\/3&Prime; el_class=\u00a0\u00bbgift-col\u00a0\u00bb][vc_column_text el_class=\u00a0\u00bbslogan-gift\u00a0\u00bb] Votre beaut\u00e9 commence ici! [\/vc_column_text][vc_single_image image=\u00a0\u00bb2686&Prime; img_size=\u00a0\u00bbfull\u00a0\u00bb alignment=\u00a0\u00bbcenter\u00a0\u00bb qode_css_animation=\u00a0\u00bb\u00a0\u00bb][\/vc_column][vc_column width=\u00a0\u00bb1\/3&Prime; css=\u00a0\u00bb.vc_custom_1510861838685{background-color: #ffffff !important;}\u00a0\u00bb el_class=\u00a0\u00bbpaypalcol\u00a0\u00bb][vc_column_text el_class=\u00a0\u00bbgift-text\u00a0\u00bb] D\u00c9COUVREZ LE MONDE DE LA BEAUT\u00c9 ET DU BIEN-\u00caTRE, OFFREZ&#8230;<\/p>\n","protected":false},"author":1,"featured_media":0,"parent":0,"menu_order":0,"comment_status":"closed","ping_status":"closed","template":"full_width.php","meta":{"footnotes":""},"yoast_head":"<!-- This site is optimized with the Yoast SEO plugin v20.13 - https:\/\/yoast.com\/wordpress\/plugins\/seo\/ -->\n<title>Certificats-Cadeau - Milada Caribbean St-Maarten<\/title>\n<meta name=\"robots\" content=\"index, follow, max-snippet:-1, max-image-preview:large, max-video-preview:-1\" \/>\n<link rel=\"canonical\" href=\"https:\/\/milada.com\/st-maarten\/gift-certificates\/\" \/>\n<meta property=\"og:locale\" content=\"fr_FR\" \/>\n<meta property=\"og:type\" content=\"article\" \/>\n<meta property=\"og:title\" content=\"Certificats-Cadeau - Milada Caribbean St-Maarten\" \/>\n<meta property=\"og:description\" content=\"[vc_row css_animation=\u00a0\u00bb\u00a0\u00bb row_type=\u00a0\u00bbrow\u00a0\u00bb use_row_as_full_screen_section=\u00a0\u00bbno\u00a0\u00bb type=\u00a0\u00bbgrid\u00a0\u00bb angled_section=\u00a0\u00bbno\u00a0\u00bb text_align=\u00a0\u00bbleft\u00a0\u00bb background_image=\u00a0\u00bb483&Prime; background_image_as_pattern=\u00a0\u00bbwithout_pattern\u00a0\u00bb background_color=\u00a0\u00bb#eaf6f6&Prime; css=\u00a0\u00bb.vc_custom_1519643385361{padding-top: 60px !important;padding-bottom: 60px !important;}\u00a0\u00bb el_id=\u00a0\u00bbgiftblock\u00a0\u00bb][vc_column width=\u00a0\u00bb1\/3&Prime;][\/vc_column][vc_column width=\u00a0\u00bb1\/3&Prime; el_class=\u00a0\u00bbgift-col\u00a0\u00bb][vc_column_text el_class=\u00a0\u00bbslogan-gift\u00a0\u00bb] Votre beaut\u00e9 commence ici! [\/vc_column_text][vc_single_image image=\u00a0\u00bb2686&Prime; img_size=\u00a0\u00bbfull\u00a0\u00bb alignment=\u00a0\u00bbcenter\u00a0\u00bb qode_css_animation=\u00a0\u00bb\u00a0\u00bb][\/vc_column][vc_column width=\u00a0\u00bb1\/3&Prime; css=\u00a0\u00bb.vc_custom_1510861838685{background-color: #ffffff !important;}\u00a0\u00bb el_class=\u00a0\u00bbpaypalcol\u00a0\u00bb][vc_column_text el_class=\u00a0\u00bbgift-text\u00a0\u00bb] D\u00c9COUVREZ LE MONDE DE LA BEAUT\u00c9 ET DU BIEN-\u00caTRE, OFFREZ...\" \/>\n<meta property=\"og:url\" content=\"https:\/\/milada.com\/st-maarten\/gift-certificates\/\" \/>\n<meta property=\"og:site_name\" content=\"Milada Caribbean St-Maarten\" \/>\n<meta property=\"article:modified_time\" content=\"2018-04-12T12:25:59+00:00\" \/>\n<meta property=\"og:image\" content=\"https:\/\/milada.com\/st-maarten\/wp-content\/uploads\/sites\/3\/2018\/02\/flymartin.png\" \/>\n<meta name=\"twitter:card\" content=\"summary_large_image\" \/>\n<meta name=\"twitter:label1\" content=\"Dur\u00e9e de lecture estim\u00e9e\" \/>\n\t<meta name=\"twitter:data1\" content=\"4 minutes\" \/>\n<script type=\"application\/ld+json\" class=\"yoast-schema-graph\">{\"@context\":\"https:\/\/schema.org\",\"@graph\":[{\"@type\":\"WebPage\",\"@id\":\"https:\/\/milada.com\/st-maarten\/gift-certificates\/\",\"url\":\"https:\/\/milada.com\/st-maarten\/gift-certificates\/\",\"name\":\"Certificats-Cadeau - Milada Caribbean St-Maarten\",\"isPartOf\":{\"@id\":\"https:\/\/milada.com\/st-maarten\/fr\/#website\"},\"datePublished\":\"2018-02-11T20:46:10+00:00\",\"dateModified\":\"2018-04-12T12:25:59+00:00\",\"breadcrumb\":{\"@id\":\"https:\/\/milada.com\/st-maarten\/gift-certificates\/#breadcrumb\"},\"inLanguage\":\"fr-FR\",\"potentialAction\":[{\"@type\":\"ReadAction\",\"target\":[\"https:\/\/milada.com\/st-maarten\/gift-certificates\/\"]}]},{\"@type\":\"BreadcrumbList\",\"@id\":\"https:\/\/milada.com\/st-maarten\/gift-certificates\/#breadcrumb\",\"itemListElement\":[{\"@type\":\"ListItem\",\"position\":1,\"name\":\"Home\",\"item\":\"https:\/\/milada.com\/st-maarten\/fr\/\"},{\"@type\":\"ListItem\",\"position\":2,\"name\":\"Certificats-Cadeau\"}]},{\"@type\":\"WebSite\",\"@id\":\"https:\/\/milada.com\/st-maarten\/fr\/#website\",\"url\":\"https:\/\/milada.com\/st-maarten\/fr\/\",\"name\":\"Milada Caribbean St-Maarten\",\"description\":\"Just another Milada Sites site\",\"potentialAction\":[{\"@type\":\"SearchAction\",\"target\":{\"@type\":\"EntryPoint\",\"urlTemplate\":\"https:\/\/milada.com\/st-maarten\/fr\/?s={search_term_string}\"},\"query-input\":\"required name=search_term_string\"}],\"inLanguage\":\"fr-FR\"}]}<\/script>\n<!-- \/ Yoast SEO plugin. -->","yoast_head_json":{"title":"Certificats-Cadeau - Milada Caribbean St-Maarten","robots":{"index":"index","follow":"follow","max-snippet":"max-snippet:-1","max-image-preview":"max-image-preview:large","max-video-preview":"max-video-preview:-1"},"canonical":"https:\/\/milada.com\/st-maarten\/gift-certificates\/","og_locale":"fr_FR","og_type":"article","og_title":"Certificats-Cadeau - Milada Caribbean St-Maarten","og_description":"[vc_row css_animation=\u00a0\u00bb\u00a0\u00bb row_type=\u00a0\u00bbrow\u00a0\u00bb use_row_as_full_screen_section=\u00a0\u00bbno\u00a0\u00bb type=\u00a0\u00bbgrid\u00a0\u00bb angled_section=\u00a0\u00bbno\u00a0\u00bb text_align=\u00a0\u00bbleft\u00a0\u00bb background_image=\u00a0\u00bb483&Prime; background_image_as_pattern=\u00a0\u00bbwithout_pattern\u00a0\u00bb background_color=\u00a0\u00bb#eaf6f6&Prime; css=\u00a0\u00bb.vc_custom_1519643385361{padding-top: 60px !important;padding-bottom: 60px !important;}\u00a0\u00bb el_id=\u00a0\u00bbgiftblock\u00a0\u00bb][vc_column width=\u00a0\u00bb1\/3&Prime;][\/vc_column][vc_column width=\u00a0\u00bb1\/3&Prime; el_class=\u00a0\u00bbgift-col\u00a0\u00bb][vc_column_text el_class=\u00a0\u00bbslogan-gift\u00a0\u00bb] Votre beaut\u00e9 commence ici! [\/vc_column_text][vc_single_image image=\u00a0\u00bb2686&Prime; img_size=\u00a0\u00bbfull\u00a0\u00bb alignment=\u00a0\u00bbcenter\u00a0\u00bb qode_css_animation=\u00a0\u00bb\u00a0\u00bb][\/vc_column][vc_column width=\u00a0\u00bb1\/3&Prime; css=\u00a0\u00bb.vc_custom_1510861838685{background-color: #ffffff !important;}\u00a0\u00bb el_class=\u00a0\u00bbpaypalcol\u00a0\u00bb][vc_column_text el_class=\u00a0\u00bbgift-text\u00a0\u00bb] D\u00c9COUVREZ LE MONDE DE LA BEAUT\u00c9 ET DU BIEN-\u00caTRE, OFFREZ...","og_url":"https:\/\/milada.com\/st-maarten\/gift-certificates\/","og_site_name":"Milada Caribbean St-Maarten","article_modified_time":"2018-04-12T12:25:59+00:00","og_image":[{"url":"https:\/\/milada.com\/st-maarten\/wp-content\/uploads\/sites\/3\/2018\/02\/flymartin.png"}],"twitter_card":"summary_large_image","twitter_misc":{"Dur\u00e9e de lecture estim\u00e9e":"4 minutes"},"schema":{"@context":"https:\/\/schema.org","@graph":[{"@type":"WebPage","@id":"https:\/\/milada.com\/st-maarten\/gift-certificates\/","url":"https:\/\/milada.com\/st-maarten\/gift-certificates\/","name":"Certificats-Cadeau - Milada Caribbean St-Maarten","isPartOf":{"@id":"https:\/\/milada.com\/st-maarten\/fr\/#website"},"datePublished":"2018-02-11T20:46:10+00:00","dateModified":"2018-04-12T12:25:59+00:00","breadcrumb":{"@id":"https:\/\/milada.com\/st-maarten\/gift-certificates\/#breadcrumb"},"inLanguage":"fr-FR","potentialAction":[{"@type":"ReadAction","target":["https:\/\/milada.com\/st-maarten\/gift-certificates\/"]}]},{"@type":"BreadcrumbList","@id":"https:\/\/milada.com\/st-maarten\/gift-certificates\/#breadcrumb","itemListElement":[{"@type":"ListItem","position":1,"name":"Home","item":"https:\/\/milada.com\/st-maarten\/fr\/"},{"@type":"ListItem","position":2,"name":"Certificats-Cadeau"}]},{"@type":"WebSite","@id":"https:\/\/milada.com\/st-maarten\/fr\/#website","url":"https:\/\/milada.com\/st-maarten\/fr\/","name":"Milada Caribbean St-Maarten","description":"Just another Milada Sites site","potentialAction":[{"@type":"SearchAction","target":{"@type":"EntryPoint","urlTemplate":"https:\/\/milada.com\/st-maarten\/fr\/?s={search_term_string}"},"query-input":"required name=search_term_string"}],"inLanguage":"fr-FR"}]}},"_links":{"self":[{"href":"https:\/\/milada.com\/st-maarten\/fr\/wp-json\/wp\/v2\/pages\/1938"}],"collection":[{"href":"https:\/\/milada.com\/st-maarten\/fr\/wp-json\/wp\/v2\/pages"}],"about":[{"href":"https:\/\/milada.com\/st-maarten\/fr\/wp-json\/wp\/v2\/types\/page"}],"author":[{"embeddable":true,"href":"https:\/\/milada.com\/st-maarten\/fr\/wp-json\/wp\/v2\/users\/1"}],"replies":[{"embeddable":true,"href":"https:\/\/milada.com\/st-maarten\/fr\/wp-json\/wp\/v2\/comments?post=1938"}],"version-history":[{"count":11,"href":"https:\/\/milada.com\/st-maarten\/fr\/wp-json\/wp\/v2\/pages\/1938\/revisions"}],"predecessor-version":[{"id":2739,"href":"https:\/\/milada.com\/st-maarten\/fr\/wp-json\/wp\/v2\/pages\/1938\/revisions\/2739"}],"wp:attachment":[{"href":"https:\/\/milada.com\/st-maarten\/fr\/wp-json\/wp\/v2\/media?parent=1938"}],"curies":[{"name":"wp","href":"https:\/\/api.w.org\/{rel}","templated":true}]}}