{"id":1945,"date":"2018-02-11T21:14:29","date_gmt":"2018-02-11T21:14:29","guid":{"rendered":"https:\/\/milada.com\/montreal\/accueil\/"},"modified":"2023-09-28T13:00:50","modified_gmt":"2023-09-28T18:00:50","slug":"accueil","status":"publish","type":"page","link":"https:\/\/milada.com\/montreal\/fr\/","title":{"rendered":"Accueil"},"content":{"rendered":"<p>[vc_row css_animation=\u00a0\u00bb\u00a0\u00bb row_type=\u00a0\u00bbrow\u00a0\u00bb use_row_as_full_screen_section=\u00a0\u00bbno\u00a0\u00bb type=\u00a0\u00bbgrid\u00a0\u00bb angled_section=\u00a0\u00bbno\u00a0\u00bb text_align=\u00a0\u00bbleft\u00a0\u00bb background_image_as_pattern=\u00a0\u00bbwithout_pattern\u00a0\u00bb css=\u00a0\u00bb.vc_custom_1511297298419{padding-top: 40px !important;padding-bottom: 40px !important;}\u00a0\u00bb][vc_column][vc_column_text el_class=\u00a0\u00bbherorow\u00a0\u00bb]<\/p>\n<h2 style=\"text-align: center;\">Salon-Boutique Milada: Clinique m\u00e9dico-esth\u00e9tique en plein coeur du Plateau Mont-Royal.<br \/>\nVotre beaut\u00e9 commence ici!<\/h2>\n<p>[\/vc_column_text][\/vc_column][\/vc_row][vc_row css_animation=\u00a0\u00bb\u00a0\u00bb row_type=\u00a0\u00bbrow\u00a0\u00bb use_row_as_full_screen_section=\u00a0\u00bbno\u00a0\u00bb type=\u00a0\u00bbgrid\u00a0\u00bb angled_section=\u00a0\u00bbno\u00a0\u00bb text_align=\u00a0\u00bbleft\u00a0\u00bb background_image_as_pattern=\u00a0\u00bbwithout_pattern\u00a0\u00bb css=\u00a0\u00bb.vc_custom_1510864475817{padding-top: 60px !important;padding-bottom: 60px !important;}\u00a0\u00bb el_class=\u00a0\u00bbview-our-promo\u00a0\u00bb][vc_column width=\u00a0\u00bb1\/2&Prime;][vc_column_text el_class=\u00a0\u00bbdiscover-prom\u00a0\u00bb]<img decoding=\"async\" src=\"https:\/\/milada.com\/montreal\/wp-content\/uploads\/sites\/2\/2017\/11\/butsm.png\" \/><\/p>\n<h3>D\u00c9COUVREZ UN MONDE DE<\/h3>\n<h2><strong>BEAUT\u00c9 ET BIEN-\u00caTRE<\/strong><\/h2>\n<h3>GR\u00c2CE \u00c0 NOS PROMOTIONS! <em>Offrez un moment m\u00e9morable en cadeau!<\/em><\/h3>\n<p><a  itemprop=\"url\" href=\"https:\/\/milada.com\/montreal\/fr\/promotion\/\" target=\"_self\"  class=\"qbutton  default\" style=\"\">D\u00c9COUVREZ NOS PROMOTIONS<\/a>[\/vc_column_text][\/vc_column][vc_column width=\u00a0\u00bb1\/2&Prime;]<div class=\"qode-cards-gallery-holder left\" data-side=left>\n    <div class=\"qode-cards-gallery\">\n                    <div class=\"card\" >\n                                    <img src=\"#\" alt=\"\" class=\"qode-lazy-image\" data-image=\"https:\/\/milada.com\/montreal\/wp-content\/uploads\/sites\/2\/2017\/11\/microderma.jpg\" style=\"width:1021px;height:1px\"data-ratio=\"0.68462291870715\" data-lazy=\"true\" \/>\n                            <\/div>\n                    <div class=\"card\" >\n                                    <img src=\"#\" alt=\"\" class=\"qode-lazy-image\" data-image=\"https:\/\/milada.com\/montreal\/wp-content\/uploads\/sites\/2\/2017\/11\/laserhaur.jpg\" style=\"width:1021px;height:1px\"data-ratio=\"0.68462291870715\" data-lazy=\"true\" \/>\n                            <\/div>\n                    <div class=\"card\" >\n                                    <img src=\"#\" alt=\"\" class=\"qode-lazy-image\" data-image=\"https:\/\/milada.com\/montreal\/wp-content\/uploads\/sites\/2\/2017\/11\/eyeye.jpg\" style=\"width:1021px;height:1px\"data-ratio=\"0.68462291870715\" data-lazy=\"true\" \/>\n                            <\/div>\n            <\/div>\n    <div class=\"fake_card\">\n        <img src=\"https:\/\/milada.com\/montreal\/wp-content\/uploads\/sites\/2\/2017\/11\/eyeye.jpg\" alt=\"\">\n    <\/div>\n<\/div>[\/vc_column][\/vc_row][vc_row css_animation=\u00a0\u00bb\u00a0\u00bb row_type=\u00a0\u00bbrow\u00a0\u00bb use_row_as_full_screen_section=\u00a0\u00bbno\u00a0\u00bb type=\u00a0\u00bbgrid\u00a0\u00bb angled_section=\u00a0\u00bbno\u00a0\u00bb text_align=\u00a0\u00bbleft\u00a0\u00bb background_image_as_pattern=\u00a0\u00bbwithout_pattern\u00a0\u00bb css=\u00a0\u00bb.vc_custom_1511297584088{padding-top: 40px !important;padding-bottom: 40px !important;background-color: #f3ebf2 !important;}\u00a0\u00bb][vc_column]<div class='q_masonry_blog'><div class=\"q_masonry_blog_grid_sizer\"><\/div><div class=\"q_masonry_blog_grid_gutter\"><\/div><article  class='post-4621 post type-post status-publish format-standard has-post-thumbnail hentry category-blogue '><div class=\"q_masonry_blog_post_image\"><a itemprop=\"url\" href=\"https:\/\/milada.com\/montreal\/fr\/soins-du-visage-medicaux-a-montreal-difference-entre-spa-et-resultats-cliniques\/\" target=\"_self\"><img itemprop=\"image\" src=\"https:\/\/milada.com\/montreal\/wp-content\/uploads\/sites\/2\/2025\/12\/SKIN-REJUVENATION.jpg\" \/><\/a><\/div><div class=\"q_masonry_blog_post_text\"><h5 itemprop=\"name\" class=\"q_masonry_blog_title entry_title\"><a itemprop=\"url\" href=\"https:\/\/milada.com\/montreal\/fr\/soins-du-visage-medicaux-a-montreal-difference-entre-spa-et-resultats-cliniques\/\">Soins du visage m\u00e9dicaux \u00e0 Montr\u00e9al : diff\u00e9rence entre spa et r\u00e9sultats cliniques<\/a><\/h5><p itemprop=\"description\" class=\"q_masonry_blog_excerpt\">D\u00e9couvrez les soins du visage m\u00e9dicaux \u00e0 Montr\u00e9al pour des r\u00e9sultats visibles et durables....<\/p><div class=\"q_masonry_blog_post_info\"><span itemprop=\"dateCreated\" class=\"time entry_date updated\">21 avril, 2026<meta itemprop=\"interactionCount\" content=\"UserComments: <?php echo get_comments_number(qode_get_page_id()); ?>\"\/><\/span><\/div><\/div><\/article><article  class='post-4619 post type-post status-publish format-standard has-post-thumbnail hentry category-blogue '><div class=\"q_masonry_blog_post_image\"><a itemprop=\"url\" href=\"https:\/\/milada.com\/montreal\/fr\/peau-eclatante-avant-un-evenement-a-montreal-comment-bien-se-preparer\/\" target=\"_self\"><img itemprop=\"image\" src=\"https:\/\/milada.com\/montreal\/wp-content\/uploads\/sites\/2\/2026\/04\/BLOG-10.jpg\" \/><\/a><\/div><div class=\"q_masonry_blog_post_text\"><h5 itemprop=\"name\" class=\"q_masonry_blog_title entry_title\"><a itemprop=\"url\" href=\"https:\/\/milada.com\/montreal\/fr\/peau-eclatante-avant-un-evenement-a-montreal-comment-bien-se-preparer\/\">Peau \u00e9clatante avant un \u00e9v\u00e9nement \u00e0 Montr\u00e9al : comment bien se pr\u00e9parer<\/a><\/h5><p itemprop=\"description\" class=\"q_masonry_blog_excerpt\">Pr\u00e9parez votre peau avant un \u00e9v\u00e9nement avec les meilleurs soins \u00e0 Montr\u00e9al....<\/p><div class=\"q_masonry_blog_post_info\"><span itemprop=\"dateCreated\" class=\"time entry_date updated\">18 avril, 2026<meta itemprop=\"interactionCount\" content=\"UserComments: <?php echo get_comments_number(qode_get_page_id()); ?>\"\/><\/span><\/div><\/div><\/article><article  class='post-4617 post type-post status-publish format-standard has-post-thumbnail hentry category-blogue '><div class=\"q_masonry_blog_post_image\"><a itemprop=\"url\" href=\"https:\/\/milada.com\/montreal\/fr\/soins-anti-age-a-montreal-construire-une-strategie-durable\/\" target=\"_self\"><img itemprop=\"image\" src=\"https:\/\/milada.com\/montreal\/wp-content\/uploads\/sites\/2\/2026\/04\/BLOG-9.jpg\" \/><\/a><\/div><div class=\"q_masonry_blog_post_text\"><h5 itemprop=\"name\" class=\"q_masonry_blog_title entry_title\"><a itemprop=\"url\" href=\"https:\/\/milada.com\/montreal\/fr\/soins-anti-age-a-montreal-construire-une-strategie-durable\/\">Soins anti-\u00e2ge \u00e0 Montr\u00e9al : construire une strat\u00e9gie durable<\/a><\/h5><p itemprop=\"description\" class=\"q_masonry_blog_excerpt\">D\u00e9couvrez comment maintenir une peau jeune avec une approche anti-\u00e2ge \u00e0 Montr\u00e9al....<\/p><div class=\"q_masonry_blog_post_info\"><span itemprop=\"dateCreated\" class=\"time entry_date updated\">15 avril, 2026<meta itemprop=\"interactionCount\" content=\"UserComments: <?php echo get_comments_number(qode_get_page_id()); ?>\"\/><\/span><\/div><\/div><\/article><\/div>[\/vc_column][\/vc_row][vc_row css_animation=\u00a0\u00bb\u00a0\u00bb row_type=\u00a0\u00bbrow\u00a0\u00bb use_row_as_full_screen_section=\u00a0\u00bbno\u00a0\u00bb type=\u00a0\u00bbfull_width\u00a0\u00bb angled_section=\u00a0\u00bbno\u00a0\u00bb text_align=\u00a0\u00bbleft\u00a0\u00bb background_image_as_pattern=\u00a0\u00bbwithout_pattern\u00a0\u00bb el_class=\u00a0\u00bbcalltobottom\u00a0\u00bb][vc_column][vc_column_text]<\/p>\n<h2 style=\"text-align: center;\">VISITEZ-NOUS POUR UNE CONSULTATION PAR NOS EXPERTS!<\/h2>\n<p>Nos offrons l&rsquo;\u00e9valuation personnalis\u00e9e de votre peau par nos professionnels des soins esth\u00e9tiques avant de vous engager \u00e0 un plan de traitements.<\/p>\n<p>Chez Milada, chaque traitement est adapt\u00e9 \u00e0 votre type, condition et sensibilit\u00e9 de peau.<\/p>\n<p>Nos technologies \u00e0 la fine pointe du domaine esth\u00e9tique combin\u00e9 \u00e0 nos traitements adapt\u00e9s et nos programmes de rajeunissement vous permettrons de vous sentir \u00e0 votre meilleur!<\/p>\n<ul id=\"call\">\n<li>Consultation gratuite par nos experts incluse dans tous les soins.<\/li>\n<li>Consultation sans soin: <strong>75$<\/strong><\/li>\n<\/ul>\n<p>[\/vc_column_text]<a id=\"consultation\" itemprop=\"url\" href=\"https:\/\/home.shortcutssoftware.com\/miladaspabookonline\" target=\"_blank\"  class=\"qbutton  center default\" style=\"\">Prenez Rendez-vous en Ligne<\/a>[\/vc_column][\/vc_row]<\/p>\n","protected":false},"excerpt":{"rendered":"<p>[vc_row css_animation=\u00a0\u00bb\u00a0\u00bb row_type=\u00a0\u00bbrow\u00a0\u00bb use_row_as_full_screen_section=\u00a0\u00bbno\u00a0\u00bb type=\u00a0\u00bbgrid\u00a0\u00bb angled_section=\u00a0\u00bbno\u00a0\u00bb text_align=\u00a0\u00bbleft\u00a0\u00bb background_image_as_pattern=\u00a0\u00bbwithout_pattern\u00a0\u00bb css=\u00a0\u00bb.vc_custom_1511297298419{padding-top: 40px !important;padding-bottom: 40px !important;}\u00a0\u00bb][vc_column][vc_column_text el_class=\u00a0\u00bbherorow\u00a0\u00bb] Salon-Boutique Milada: Clinique m\u00e9dico-esth\u00e9tique en plein coeur du Plateau Mont-Royal. Votre beaut\u00e9 commence ici! [\/vc_column_text][\/vc_column][\/vc_row][vc_row css_animation=\u00a0\u00bb\u00a0\u00bb row_type=\u00a0\u00bbrow\u00a0\u00bb use_row_as_full_screen_section=\u00a0\u00bbno\u00a0\u00bb type=\u00a0\u00bbgrid\u00a0\u00bb angled_section=\u00a0\u00bbno\u00a0\u00bb text_align=\u00a0\u00bbleft\u00a0\u00bb background_image_as_pattern=\u00a0\u00bbwithout_pattern\u00a0\u00bb css=\u00a0\u00bb.vc_custom_1510864475817{padding-top: 60px !important;padding-bottom: 60px !important;}\u00a0\u00bb el_class=\u00a0\u00bbview-our-promo\u00a0\u00bb][vc_column width=\u00a0\u00bb1\/2&Prime;][vc_column_text el_class=\u00a0\u00bbdiscover-prom\u00a0\u00bb] D\u00c9COUVREZ&#8230;<\/p>\n","protected":false},"author":1,"featured_media":0,"parent":0,"menu_order":0,"comment_status":"closed","ping_status":"closed","template":"full_width.php","meta":{"footnotes":""},"yoast_head":"<!-- This site is optimized with the Yoast SEO plugin v20.13 - https:\/\/yoast.com\/wordpress\/plugins\/seo\/ -->\n<title>Milada M\u00e9dical Spa, Salon de beaut\u00e9, Soins anti-\u00e2ge facials a Montreal<\/title>\n<meta name=\"description\" content=\"Spa anti-\u00e2ge facial, traitements rajeunissement, sp\u00e9cialistes en soins m\u00e9dico esth\u00e9tiques, medispa, salon de beaut\u00e9 Milada : Plateau Mont-Royal, Montr\u00e9al\" \/>\n<meta name=\"robots\" content=\"index, follow, max-snippet:-1, max-image-preview:large, max-video-preview:-1\" \/>\n<link rel=\"canonical\" href=\"https:\/\/milada.com\/montreal\/fr\/\" \/>\n<meta property=\"og:locale\" content=\"fr_FR\" \/>\n<meta property=\"og:type\" content=\"article\" \/>\n<meta property=\"og:title\" content=\"Milada M\u00e9dical Spa, Salon de beaut\u00e9, Soins anti-\u00e2ge facials a Montreal\" \/>\n<meta property=\"og:description\" content=\"Spa anti-\u00e2ge facial, traitements rajeunissement, sp\u00e9cialistes en soins m\u00e9dico esth\u00e9tiques, medispa, salon de beaut\u00e9 Milada : Plateau Mont-Royal, Montr\u00e9al\" \/>\n<meta property=\"og:url\" content=\"https:\/\/milada.com\/montreal\/fr\/\" \/>\n<meta property=\"og:site_name\" content=\"Milada Montreal\" \/>\n<meta property=\"article:modified_time\" content=\"2023-09-28T18:00:50+00:00\" \/>\n<meta property=\"og:image\" content=\"https:\/\/milada.com\/montreal\/wp-content\/uploads\/sites\/2\/2017\/11\/butsm.png\" \/>\n<meta name=\"twitter:card\" content=\"summary_large_image\" \/>\n<meta name=\"twitter:label1\" content=\"Dur\u00e9e de lecture estim\u00e9e\" \/>\n\t<meta name=\"twitter:data1\" content=\"1 minute\" \/>\n<script type=\"application\/ld+json\" class=\"yoast-schema-graph\">{\"@context\":\"https:\/\/schema.org\",\"@graph\":[{\"@type\":\"WebPage\",\"@id\":\"https:\/\/milada.com\/montreal\/fr\/\",\"url\":\"https:\/\/milada.com\/montreal\/fr\/\",\"name\":\"Milada M\u00e9dical Spa, Salon de beaut\u00e9, Soins anti-\u00e2ge facials a Montreal\",\"isPartOf\":{\"@id\":\"https:\/\/milada.com\/montreal\/#website\"},\"datePublished\":\"2018-02-11T21:14:29+00:00\",\"dateModified\":\"2023-09-28T18:00:50+00:00\",\"description\":\"Spa anti-\u00e2ge facial, traitements rajeunissement, sp\u00e9cialistes en soins m\u00e9dico esth\u00e9tiques, medispa, salon de beaut\u00e9 Milada : Plateau Mont-Royal, Montr\u00e9al\",\"breadcrumb\":{\"@id\":\"https:\/\/milada.com\/montreal\/fr\/#breadcrumb\"},\"inLanguage\":\"fr-FR\",\"potentialAction\":[{\"@type\":\"ReadAction\",\"target\":[\"https:\/\/milada.com\/montreal\/fr\/\"]}]},{\"@type\":\"BreadcrumbList\",\"@id\":\"https:\/\/milada.com\/montreal\/fr\/#breadcrumb\",\"itemListElement\":[{\"@type\":\"ListItem\",\"position\":1,\"name\":\"Home\",\"item\":\"https:\/\/milada.com\/montreal\/fr\/\"},{\"@type\":\"ListItem\",\"position\":2,\"name\":\"Accueil\"}]},{\"@type\":\"WebSite\",\"@id\":\"https:\/\/milada.com\/montreal\/#website\",\"url\":\"https:\/\/milada.com\/montreal\/\",\"name\":\"Milada Montreal\",\"description\":\"Just another Milada Sites site\",\"potentialAction\":[{\"@type\":\"SearchAction\",\"target\":{\"@type\":\"EntryPoint\",\"urlTemplate\":\"https:\/\/milada.com\/montreal\/?s={search_term_string}\"},\"query-input\":\"required name=search_term_string\"}],\"inLanguage\":\"fr-FR\"}]}<\/script>\n<!-- \/ Yoast SEO plugin. -->","yoast_head_json":{"title":"Milada M\u00e9dical Spa, Salon de beaut\u00e9, Soins anti-\u00e2ge facials a Montreal","description":"Spa anti-\u00e2ge facial, traitements rajeunissement, sp\u00e9cialistes en soins m\u00e9dico esth\u00e9tiques, medispa, salon de beaut\u00e9 Milada : Plateau Mont-Royal, Montr\u00e9al","robots":{"index":"index","follow":"follow","max-snippet":"max-snippet:-1","max-image-preview":"max-image-preview:large","max-video-preview":"max-video-preview:-1"},"canonical":"https:\/\/milada.com\/montreal\/fr\/","og_locale":"fr_FR","og_type":"article","og_title":"Milada M\u00e9dical Spa, Salon de beaut\u00e9, Soins anti-\u00e2ge facials a Montreal","og_description":"Spa anti-\u00e2ge facial, traitements rajeunissement, sp\u00e9cialistes en soins m\u00e9dico esth\u00e9tiques, medispa, salon de beaut\u00e9 Milada : Plateau Mont-Royal, Montr\u00e9al","og_url":"https:\/\/milada.com\/montreal\/fr\/","og_site_name":"Milada Montreal","article_modified_time":"2023-09-28T18:00:50+00:00","og_image":[{"url":"https:\/\/milada.com\/montreal\/wp-content\/uploads\/sites\/2\/2017\/11\/butsm.png"}],"twitter_card":"summary_large_image","twitter_misc":{"Dur\u00e9e de lecture estim\u00e9e":"1 minute"},"schema":{"@context":"https:\/\/schema.org","@graph":[{"@type":"WebPage","@id":"https:\/\/milada.com\/montreal\/fr\/","url":"https:\/\/milada.com\/montreal\/fr\/","name":"Milada M\u00e9dical Spa, Salon de beaut\u00e9, Soins anti-\u00e2ge facials a Montreal","isPartOf":{"@id":"https:\/\/milada.com\/montreal\/#website"},"datePublished":"2018-02-11T21:14:29+00:00","dateModified":"2023-09-28T18:00:50+00:00","description":"Spa anti-\u00e2ge facial, traitements rajeunissement, sp\u00e9cialistes en soins m\u00e9dico esth\u00e9tiques, medispa, salon de beaut\u00e9 Milada : Plateau Mont-Royal, Montr\u00e9al","breadcrumb":{"@id":"https:\/\/milada.com\/montreal\/fr\/#breadcrumb"},"inLanguage":"fr-FR","potentialAction":[{"@type":"ReadAction","target":["https:\/\/milada.com\/montreal\/fr\/"]}]},{"@type":"BreadcrumbList","@id":"https:\/\/milada.com\/montreal\/fr\/#breadcrumb","itemListElement":[{"@type":"ListItem","position":1,"name":"Home","item":"https:\/\/milada.com\/montreal\/fr\/"},{"@type":"ListItem","position":2,"name":"Accueil"}]},{"@type":"WebSite","@id":"https:\/\/milada.com\/montreal\/#website","url":"https:\/\/milada.com\/montreal\/","name":"Milada Montreal","description":"Just another Milada Sites site","potentialAction":[{"@type":"SearchAction","target":{"@type":"EntryPoint","urlTemplate":"https:\/\/milada.com\/montreal\/?s={search_term_string}"},"query-input":"required name=search_term_string"}],"inLanguage":"fr-FR"}]}},"_links":{"self":[{"href":"https:\/\/milada.com\/montreal\/fr\/wp-json\/wp\/v2\/pages\/1945"}],"collection":[{"href":"https:\/\/milada.com\/montreal\/fr\/wp-json\/wp\/v2\/pages"}],"about":[{"href":"https:\/\/milada.com\/montreal\/fr\/wp-json\/wp\/v2\/types\/page"}],"author":[{"embeddable":true,"href":"https:\/\/milada.com\/montreal\/fr\/wp-json\/wp\/v2\/users\/1"}],"replies":[{"embeddable":true,"href":"https:\/\/milada.com\/montreal\/fr\/wp-json\/wp\/v2\/comments?post=1945"}],"version-history":[{"count":0,"href":"https:\/\/milada.com\/montreal\/fr\/wp-json\/wp\/v2\/pages\/1945\/revisions"}],"wp:attachment":[{"href":"https:\/\/milada.com\/montreal\/fr\/wp-json\/wp\/v2\/media?parent=1945"}],"curies":[{"name":"wp","href":"https:\/\/api.w.org\/{rel}","templated":true}]}}