{"id":1892,"date":"2018-02-11T16:32:06","date_gmt":"2018-02-11T16:32:06","guid":{"rendered":"https:\/\/milada.com\/montreal\/promotion\/"},"modified":"2024-10-22T14:42:04","modified_gmt":"2024-10-22T19:42:04","slug":"promotion","status":"publish","type":"page","link":"https:\/\/milada.com\/montreal\/fr\/promotion\/","title":{"rendered":"Promotions"},"content":{"rendered":"<p>[vc_row row_type=\u00a0\u00bbcontent_menu\u00a0\u00bb][vc_column][\/vc_column][\/vc_row][vc_row css_animation=\u00a0\u00bb\u00a0\u00bb row_type=\u00a0\u00bbrow\u00a0\u00bb use_row_as_full_screen_section=\u00a0\u00bbno\u00a0\u00bb type=\u00a0\u00bbgrid\u00a0\u00bb angled_section=\u00a0\u00bbno\u00a0\u00bb text_align=\u00a0\u00bbleft\u00a0\u00bb background_image_as_pattern=\u00a0\u00bbwithout_pattern\u00a0\u00bb el_class=\u00a0\u00bbleft-image\u00a0\u00bb z_index=\u00a0\u00bb\u00a0\u00bb][vc_column css_animation=\u00a0\u00bbfadeIn\u00a0\u00bb width=\u00a0\u00bb2\/3&Prime;][vc_single_image image=\u00a0\u00bb3799&Prime; img_size=\u00a0\u00bbfull\u00a0\u00bb qode_css_animation=\u00a0\u00bb\u00a0\u00bb][\/vc_column][vc_column width=\u00a0\u00bb1\/3&Prime;][vc_column_text el_class=\u00a0\u00bbpromo-text\u00a0\u00bb]<\/p>\n<h2>Soin Cor\u00e9en D\u00e9couverte<\/h2>\n<h5 style=\"margin-bottom: 20px;\">D\u00e9couvrez les secrets de la beaut\u00e9 cor\u00e9ennes<\/h5>\n<p>Ce soin exclusif vous plonge dans l&rsquo;univers des produits cor\u00e9ens haut de gamme, r\u00e9put\u00e9s pour leurs incroyables bienfaits sur la peau. En utilisant des ingr\u00e9dients actifs soigneusement s\u00e9lectionn\u00e9s et en appliquant des techniques sp\u00e9cifiques, vous vivrez une exp\u00e9rience transformante qui sublimera votre peau. Offrez-vous ce moment de douceur et de bien-\u00eatre, et laissez votre peau r\u00e9v\u00e9ler tout son \u00e9clat naturel.<\/p>\n<h5 style=\"text-align: center; margin-top: 20px;\">45 min<\/h5>\n<ul style=\"font-family: 'Lato', sans-serif;\">\n<li><del>R\u00e9g. $199<\/del><br \/>\n<span class=\"prm-pricing\">149$<\/span><\/li>\n<\/ul>\n<p style=\"text-align: center;\"><a class=\"qbutton center default\" style=\"margin-top: 20px; color: white;\" href=\"https:\/\/home.shortcutssoftware.com\/miladaspabookonline\" target=\"_blank\" rel=\"noopener\">Prenez Rendez-vous en Ligne<\/a><\/p>\n<p>[\/vc_column_text][\/vc_column][\/vc_row][vc_row css_animation=\u00a0\u00bb\u00a0\u00bb row_type=\u00a0\u00bbrow\u00a0\u00bb use_row_as_full_screen_section=\u00a0\u00bbno\u00a0\u00bb type=\u00a0\u00bbgrid\u00a0\u00bb angled_section=\u00a0\u00bbno\u00a0\u00bb text_align=\u00a0\u00bbleft\u00a0\u00bb background_image_as_pattern=\u00a0\u00bbwithout_pattern\u00a0\u00bb el_class=\u00a0\u00bbright-image\u00a0\u00bb z_index=\u00a0\u00bb\u00a0\u00bb css=\u00a0\u00bb.vc_custom_1729610833932{background-color: #f3ebf2 !important;}\u00a0\u00bb][vc_column width=\u00a0\u00bb5\/12&Prime; offset=\u00a0\u00bbvc_col-lg-offset-1&Prime;][vc_column_text el_class=\u00a0\u00bbpromo-text\u00a0\u00bb]<\/p>\n<h5 style=\"margin: 20px 0;\">Inclus<\/h5>\n<ol class=\"checkmarks\">\n<li>Consultation de peau<\/li>\n<li>Double nettoyage<\/li>\n<li>Peeling enzymatique<\/li>\n<li>Extraction express<\/li>\n<li>Brume saline<\/li>\n<li>Infusion de s\u00e9rum adapt\u00e9 \u00e0 votre peau<\/li>\n<li>Masque traitant<\/li>\n<li>Routine pour la maison<\/li>\n<\/ol>\n<p>[\/vc_column_text][vc_column_text el_class=\u00a0\u00bbpripiska\u00a0\u00bb]LIMITE D\u2019UNE PROMOTION PAR PERSONNE<br \/>\n*<a href=\"https:\/\/milada.com\/montreal\/fr\/contact\/\">CONTACTEZ-NOUS<\/a> POUR PLUS DE D\u00c9TAILS.<br \/>\n**VALIDE JUSQU\u2019AU 31 DEC[\/vc_column_text][\/vc_column][vc_column css_animation=\u00a0\u00bbfadeIn\u00a0\u00bb width=\u00a0\u00bb1\/4&Prime;][vc_column_text]<\/p>\n<div style=\"width: 720px;\" class=\"wp-video\"><!--[if lt IE 9]><script>document.createElement('video');<\/script><![endif]-->\n<video class=\"wp-video-shortcode\" id=\"video-1892-1\" width=\"720\" height=\"1280\" preload=\"metadata\" controls=\"controls\"><source type=\"video\/mp4\" src=\"https:\/\/milada.com\/montreal\/wp-content\/uploads\/sites\/2\/2024\/10\/Video-by-milada_medispa_ids-C8_JlmNMVZk.mp4?_=1\" \/><a href=\"https:\/\/milada.com\/montreal\/wp-content\/uploads\/sites\/2\/2024\/10\/Video-by-milada_medispa_ids-C8_JlmNMVZk.mp4\">https:\/\/milada.com\/montreal\/wp-content\/uploads\/sites\/2\/2024\/10\/Video-by-milada_medispa_ids-C8_JlmNMVZk.mp4<\/a><\/video><\/div>\n<p>[\/vc_column_text][\/vc_column][\/vc_row][vc_row css_animation=\u00a0\u00bb\u00a0\u00bb row_type=\u00a0\u00bbrow\u00a0\u00bb use_row_as_full_screen_section=\u00a0\u00bbno\u00a0\u00bb type=\u00a0\u00bbgrid\u00a0\u00bb angled_section=\u00a0\u00bbno\u00a0\u00bb text_align=\u00a0\u00bbleft\u00a0\u00bb background_image_as_pattern=\u00a0\u00bbwithout_pattern\u00a0\u00bb css=\u00a0\u00bb.vc_custom_1510849271639{padding-top: 60px !important;padding-bottom: 60px !important;}\u00a0\u00bb][vc_column width=\u00a0\u00bb2\/3&Prime;][vc_column_text el_class=\u00a0\u00bbpromo-salon\u00a0\u00bb]<\/p>\n<h2>PROMOTIONS <em>de la part de Salon et Spa Milada<\/em><\/h2>\n<p>[\/vc_column_text][vc_empty_space][vc_column_text el_class=\u00a0\u00bbpromo-salon\u00a0\u00bb]<\/p>\n<ul>\n<li style=\"margin-bottom: 20px;\">Deux succursales afin de mieux vous servir:\n<ul class=\"phones-nums\">\n<li>Montr\u00e9al (Plateau Mont-Royal) <em><a href=\"tel:514-725-8275\">514-725-8275<\/a><\/em><\/li>\n<li>\u00cele des Soeurs <em><a href=\"tel:514-943-4879\">514-943-4879<\/a><\/em><\/li>\n<\/ul>\n<\/li>\n<li>Ouvert du lundi au vendredi 9h-21h et samedi 9h-17h<\/li>\n<\/ul>\n<p><em>*<\/em>Vous avez jusqu&rsquo;\u00e0 12 mois pour commencer vos traitements<br \/>\n<em>***<\/em>Pour hommes et femmes[\/vc_column_text][\/vc_column][vc_column width=\u00a0\u00bb1\/3&Prime;]\n<div class=\"wpcf7 no-js\" id=\"wpcf7-f2140-o1\" lang=\"en-US\" dir=\"ltr\">\n<div class=\"screen-reader-response\"><p role=\"status\" aria-live=\"polite\" aria-atomic=\"true\"><\/p> <ul><\/ul><\/div>\n<form action=\"\/montreal\/fr\/wp-json\/wp\/v2\/pages\/1892#wpcf7-f2140-o1\" method=\"post\" class=\"wpcf7-form init cf7_custom_style_1\" aria-label=\"Contact form\" novalidate=\"novalidate\" data-status=\"init\">\n<div style=\"display: none;\">\n<input type=\"hidden\" name=\"_wpcf7\" value=\"2140\" \/>\n<input type=\"hidden\" name=\"_wpcf7_version\" value=\"5.8\" \/>\n<input type=\"hidden\" name=\"_wpcf7_locale\" value=\"en_US\" \/>\n<input type=\"hidden\" name=\"_wpcf7_unit_tag\" value=\"wpcf7-f2140-o1\" \/>\n<input type=\"hidden\" name=\"_wpcf7_container_post\" value=\"0\" \/>\n<input type=\"hidden\" name=\"_wpcf7_posted_data_hash\" value=\"\" \/>\n<input type=\"hidden\" name=\"_wpcf7cf_hidden_group_fields\" value=\"[]\" \/>\n<input type=\"hidden\" name=\"_wpcf7cf_hidden_groups\" value=\"[]\" \/>\n<input type=\"hidden\" name=\"_wpcf7cf_visible_groups\" value=\"[]\" \/>\n<input type=\"hidden\" name=\"_wpcf7cf_repeaters\" value=\"[]\" \/>\n<input type=\"hidden\" name=\"_wpcf7cf_steps\" value=\"{}\" \/>\n<input type=\"hidden\" name=\"_wpcf7cf_options\" value=\"{&quot;form_id&quot;:2140,&quot;conditions&quot;:[{&quot;then_field&quot;:&quot;-1&quot;,&quot;and_rules&quot;:[{&quot;if_field&quot;:&quot;-1&quot;,&quot;operator&quot;:&quot;equals&quot;,&quot;if_value&quot;:&quot;Promotions&quot;}]}],&quot;settings&quot;:{&quot;animation&quot;:&quot;yes&quot;,&quot;animation_intime&quot;:200,&quot;animation_outtime&quot;:200,&quot;conditions_ui&quot;:&quot;normal&quot;,&quot;notice_dismissed&quot;:false}}\" \/>\n<input type=\"hidden\" name=\"_wpcf7_recaptcha_response\" value=\"\" \/>\n<\/div>\n<h3>Rendez-vous en Ligne\n<\/h3>\n<p style=\"text-align: center; margin-bottom: 0; padding-bottom: 0;\">Clinique d'esth\u00e9tique m\u00e9dicale et spa de beaut\u00e9 - D\u00e9couvrez le monde de la beaut\u00e9 et du bien-\u00eatre<br \/>\n<a  href=\"https:\/\/home.shortcutssoftware.com\/miladaspabookonline\" target=\"_blank\" class=\"qbutton  center default\" style=\"margin-top: 20px; color:white;\">Prenez Rendez-vous en Ligne<\/a>\n<\/p>\n<p><img src=\"https:\/\/milada.com\/montreal\/wp-content\/uploads\/sites\/2\/2017\/11\/butsm.png\" \/>\n<\/p><input type='hidden' class='wpcf7-pum' value='{\"closepopup\":false,\"closedelay\":0,\"openpopup\":false,\"openpopup_id\":0}' \/><div class=\"wpcf7-response-output\" aria-hidden=\"true\"><\/div>\n<\/form>\n<\/div>\n[\/vc_column][\/vc_row]<\/p>\n","protected":false},"excerpt":{"rendered":"<p>[vc_row row_type=\u00a0\u00bbcontent_menu\u00a0\u00bb][vc_column][\/vc_column][\/vc_row][vc_row css_animation=\u00a0\u00bb\u00a0\u00bb row_type=\u00a0\u00bbrow\u00a0\u00bb use_row_as_full_screen_section=\u00a0\u00bbno\u00a0\u00bb type=\u00a0\u00bbgrid\u00a0\u00bb angled_section=\u00a0\u00bbno\u00a0\u00bb text_align=\u00a0\u00bbleft\u00a0\u00bb background_image_as_pattern=\u00a0\u00bbwithout_pattern\u00a0\u00bb el_class=\u00a0\u00bbleft-image\u00a0\u00bb z_index=\u00a0\u00bb\u00a0\u00bb][vc_column css_animation=\u00a0\u00bbfadeIn\u00a0\u00bb width=\u00a0\u00bb2\/3&Prime;][vc_single_image image=\u00a0\u00bb3799&Prime; img_size=\u00a0\u00bbfull\u00a0\u00bb qode_css_animation=\u00a0\u00bb\u00a0\u00bb][\/vc_column][vc_column width=\u00a0\u00bb1\/3&Prime;][vc_column_text el_class=\u00a0\u00bbpromo-text\u00a0\u00bb] Soin Cor\u00e9en D\u00e9couverte D\u00e9couvrez les secrets de la beaut\u00e9 cor\u00e9ennes Ce soin exclusif vous plonge dans l&rsquo;univers des produits cor\u00e9ens haut de gamme, r\u00e9put\u00e9s pour leurs incroyables&#8230;<\/p>\n","protected":false},"author":1,"featured_media":0,"parent":0,"menu_order":0,"comment_status":"closed","ping_status":"closed","template":"full_width.php","meta":{"footnotes":""},"yoast_head":"<!-- This site is optimized with the Yoast SEO plugin v20.13 - https:\/\/yoast.com\/wordpress\/plugins\/seo\/ -->\n<title>Promotions Rabais, Forfaits Spa Montreal. Clinique Esthetique Milada<\/title>\n<meta name=\"description\" content=\"Promotions, rabais, cartes cadeaux, forfaits, paniers cadeaux : medispa, salon de beaut\u00e9 et spa medico esthetiques a Montreal : Milada Plateau Mont Royal\" \/>\n<meta name=\"robots\" content=\"index, follow, max-snippet:-1, max-image-preview:large, max-video-preview:-1\" \/>\n<link rel=\"canonical\" href=\"https:\/\/milada.com\/montreal\/fr\/promotion\/\" \/>\n<meta property=\"og:locale\" content=\"fr_FR\" \/>\n<meta property=\"og:type\" content=\"article\" \/>\n<meta property=\"og:title\" content=\"Promotions Rabais, Forfaits Spa Montreal. Clinique Esthetique Milada\" \/>\n<meta property=\"og:description\" content=\"Promotions, rabais, cartes cadeaux, forfaits, paniers cadeaux : medispa, salon de beaut\u00e9 et spa medico esthetiques a Montreal : Milada Plateau Mont Royal\" \/>\n<meta property=\"og:url\" content=\"https:\/\/milada.com\/montreal\/fr\/promotion\/\" \/>\n<meta property=\"og:site_name\" content=\"Milada Montreal\" \/>\n<meta property=\"article:modified_time\" content=\"2024-10-22T19:42:04+00:00\" \/>\n<meta name=\"twitter:card\" content=\"summary_large_image\" \/>\n<meta name=\"twitter:label1\" content=\"Dur\u00e9e de lecture estim\u00e9e\" \/>\n\t<meta name=\"twitter:data1\" content=\"2 minutes\" \/>\n<script type=\"application\/ld+json\" class=\"yoast-schema-graph\">{\"@context\":\"https:\/\/schema.org\",\"@graph\":[{\"@type\":\"WebPage\",\"@id\":\"https:\/\/milada.com\/montreal\/fr\/promotion\/\",\"url\":\"https:\/\/milada.com\/montreal\/fr\/promotion\/\",\"name\":\"Promotions Rabais, Forfaits Spa Montreal. Clinique Esthetique Milada\",\"isPartOf\":{\"@id\":\"https:\/\/milada.com\/montreal\/#website\"},\"datePublished\":\"2018-02-11T16:32:06+00:00\",\"dateModified\":\"2024-10-22T19:42:04+00:00\",\"description\":\"Promotions, rabais, cartes cadeaux, forfaits, paniers cadeaux : medispa, salon de beaut\u00e9 et spa medico esthetiques a Montreal : Milada Plateau Mont Royal\",\"breadcrumb\":{\"@id\":\"https:\/\/milada.com\/montreal\/fr\/promotion\/#breadcrumb\"},\"inLanguage\":\"fr-FR\",\"potentialAction\":[{\"@type\":\"ReadAction\",\"target\":[\"https:\/\/milada.com\/montreal\/fr\/promotion\/\"]}]},{\"@type\":\"BreadcrumbList\",\"@id\":\"https:\/\/milada.com\/montreal\/fr\/promotion\/#breadcrumb\",\"itemListElement\":[{\"@type\":\"ListItem\",\"position\":1,\"name\":\"Home\",\"item\":\"https:\/\/milada.com\/montreal\/fr\/\"},{\"@type\":\"ListItem\",\"position\":2,\"name\":\"Promotions\"}]},{\"@type\":\"WebSite\",\"@id\":\"https:\/\/milada.com\/montreal\/#website\",\"url\":\"https:\/\/milada.com\/montreal\/\",\"name\":\"Milada Montreal\",\"description\":\"Just another Milada Sites site\",\"potentialAction\":[{\"@type\":\"SearchAction\",\"target\":{\"@type\":\"EntryPoint\",\"urlTemplate\":\"https:\/\/milada.com\/montreal\/?s={search_term_string}\"},\"query-input\":\"required name=search_term_string\"}],\"inLanguage\":\"fr-FR\"}]}<\/script>\n<!-- \/ Yoast SEO plugin. -->","yoast_head_json":{"title":"Promotions Rabais, Forfaits Spa Montreal. Clinique Esthetique Milada","description":"Promotions, rabais, cartes cadeaux, forfaits, paniers cadeaux : medispa, salon de beaut\u00e9 et spa medico esthetiques a Montreal : Milada Plateau Mont Royal","robots":{"index":"index","follow":"follow","max-snippet":"max-snippet:-1","max-image-preview":"max-image-preview:large","max-video-preview":"max-video-preview:-1"},"canonical":"https:\/\/milada.com\/montreal\/fr\/promotion\/","og_locale":"fr_FR","og_type":"article","og_title":"Promotions Rabais, Forfaits Spa Montreal. Clinique Esthetique Milada","og_description":"Promotions, rabais, cartes cadeaux, forfaits, paniers cadeaux : medispa, salon de beaut\u00e9 et spa medico esthetiques a Montreal : Milada Plateau Mont Royal","og_url":"https:\/\/milada.com\/montreal\/fr\/promotion\/","og_site_name":"Milada Montreal","article_modified_time":"2024-10-22T19:42:04+00:00","twitter_card":"summary_large_image","twitter_misc":{"Dur\u00e9e de lecture estim\u00e9e":"2 minutes"},"schema":{"@context":"https:\/\/schema.org","@graph":[{"@type":"WebPage","@id":"https:\/\/milada.com\/montreal\/fr\/promotion\/","url":"https:\/\/milada.com\/montreal\/fr\/promotion\/","name":"Promotions Rabais, Forfaits Spa Montreal. Clinique Esthetique Milada","isPartOf":{"@id":"https:\/\/milada.com\/montreal\/#website"},"datePublished":"2018-02-11T16:32:06+00:00","dateModified":"2024-10-22T19:42:04+00:00","description":"Promotions, rabais, cartes cadeaux, forfaits, paniers cadeaux : medispa, salon de beaut\u00e9 et spa medico esthetiques a Montreal : Milada Plateau Mont Royal","breadcrumb":{"@id":"https:\/\/milada.com\/montreal\/fr\/promotion\/#breadcrumb"},"inLanguage":"fr-FR","potentialAction":[{"@type":"ReadAction","target":["https:\/\/milada.com\/montreal\/fr\/promotion\/"]}]},{"@type":"BreadcrumbList","@id":"https:\/\/milada.com\/montreal\/fr\/promotion\/#breadcrumb","itemListElement":[{"@type":"ListItem","position":1,"name":"Home","item":"https:\/\/milada.com\/montreal\/fr\/"},{"@type":"ListItem","position":2,"name":"Promotions"}]},{"@type":"WebSite","@id":"https:\/\/milada.com\/montreal\/#website","url":"https:\/\/milada.com\/montreal\/","name":"Milada Montreal","description":"Just another Milada Sites site","potentialAction":[{"@type":"SearchAction","target":{"@type":"EntryPoint","urlTemplate":"https:\/\/milada.com\/montreal\/?s={search_term_string}"},"query-input":"required name=search_term_string"}],"inLanguage":"fr-FR"}]}},"_links":{"self":[{"href":"https:\/\/milada.com\/montreal\/fr\/wp-json\/wp\/v2\/pages\/1892"}],"collection":[{"href":"https:\/\/milada.com\/montreal\/fr\/wp-json\/wp\/v2\/pages"}],"about":[{"href":"https:\/\/milada.com\/montreal\/fr\/wp-json\/wp\/v2\/types\/page"}],"author":[{"embeddable":true,"href":"https:\/\/milada.com\/montreal\/fr\/wp-json\/wp\/v2\/users\/1"}],"replies":[{"embeddable":true,"href":"https:\/\/milada.com\/montreal\/fr\/wp-json\/wp\/v2\/comments?post=1892"}],"version-history":[{"count":0,"href":"https:\/\/milada.com\/montreal\/fr\/wp-json\/wp\/v2\/pages\/1892\/revisions"}],"wp:attachment":[{"href":"https:\/\/milada.com\/montreal\/fr\/wp-json\/wp\/v2\/media?parent=1892"}],"curies":[{"name":"wp","href":"https:\/\/api.w.org\/{rel}","templated":true}]}}