{"id":1945,"date":"2018-02-11T21:14:29","date_gmt":"2018-02-11T21:14:29","guid":{"rendered":"https:\/\/milada.com\/ile-des-soeurs\/accueil\/"},"modified":"2023-09-28T18:14:49","modified_gmt":"2023-09-28T18:14:49","slug":"accueil","status":"publish","type":"page","link":"https:\/\/milada.com\/ile-des-soeurs\/fr\/","title":{"rendered":"Accueil"},"content":{"rendered":"<p>[vc_row css_animation=\u00a0\u00bb\u00a0\u00bb row_type=\u00a0\u00bbrow\u00a0\u00bb use_row_as_full_screen_section=\u00a0\u00bbno\u00a0\u00bb type=\u00a0\u00bbgrid\u00a0\u00bb angled_section=\u00a0\u00bbno\u00a0\u00bb text_align=\u00a0\u00bbleft\u00a0\u00bb background_image_as_pattern=\u00a0\u00bbwithout_pattern\u00a0\u00bb css=\u00a0\u00bb.vc_custom_1511297298419{padding-top: 40px !important;padding-bottom: 40px !important;}\u00a0\u00bb][vc_column][vc_column_text el_class=\u00a0\u00bbherorow\u00a0\u00bb]<\/p>\n<h2 style=\"text-align: center;\">Salon-Boutique Milada: Clinique m\u00e9dico-esth\u00e9tique en plein coeur du Plateau Mont-Royal.<br \/>\nVotre beaut\u00e9 commence ici!<\/h2>\n<p>[\/vc_column_text][\/vc_column][\/vc_row][vc_row css_animation=\u00a0\u00bb\u00a0\u00bb row_type=\u00a0\u00bbrow\u00a0\u00bb use_row_as_full_screen_section=\u00a0\u00bbno\u00a0\u00bb type=\u00a0\u00bbgrid\u00a0\u00bb angled_section=\u00a0\u00bbno\u00a0\u00bb text_align=\u00a0\u00bbleft\u00a0\u00bb background_image_as_pattern=\u00a0\u00bbwithout_pattern\u00a0\u00bb css=\u00a0\u00bb.vc_custom_1510864475817{padding-top: 60px !important;padding-bottom: 60px !important;}\u00a0\u00bb el_class=\u00a0\u00bbview-our-promo\u00a0\u00bb][vc_column width=\u00a0\u00bb1\/2&Prime;][vc_column_text el_class=\u00a0\u00bbdiscover-prom\u00a0\u00bb]<img decoding=\"async\" src=\"https:\/\/milada.com\/ile-des-soeurs\/wp-content\/uploads\/sites\/4\/2017\/11\/butsm.png\" \/><\/p>\n<h3>D\u00c9COUVREZ UN MONDE DE<\/h3>\n<h2><strong>BEAUT\u00c9 ET BIEN-\u00caTRE<\/strong><\/h2>\n<h3>GR\u00c2CE \u00c0 NOS PROMOTIONS! <em>Offrez un moment m\u00e9morable en cadeau!<\/em><\/h3>\n<p><a  itemprop=\"url\" href=\"https:\/\/milada.com\/ile-des-soeurs\/fr\/promotion\/\" target=\"_self\"  class=\"qbutton  default\" style=\"\">D\u00c9COUVREZ NOS PROMOTIONS<\/a>[\/vc_column_text][\/vc_column][vc_column width=\u00a0\u00bb1\/2&Prime;]<div class=\"qode-cards-gallery-holder left\" data-side=left>\n    <div class=\"qode-cards-gallery\">\n                    <div class=\"card\" >\n                                    <img src=\"#\" alt=\"\" class=\"qode-lazy-image\" data-image=\"https:\/\/milada.com\/ile-des-soeurs\/wp-content\/uploads\/sites\/4\/2017\/11\/microderma.jpg\" style=\"width:1021px;height:1px\"data-ratio=\"0.68462291870715\" data-lazy=\"true\" \/>\n                            <\/div>\n                    <div class=\"card\" >\n                                    <img src=\"#\" alt=\"\" class=\"qode-lazy-image\" data-image=\"https:\/\/milada.com\/ile-des-soeurs\/wp-content\/uploads\/sites\/4\/2017\/11\/laserhaur.jpg\" style=\"width:1021px;height:1px\"data-ratio=\"0.68462291870715\" data-lazy=\"true\" \/>\n                            <\/div>\n                    <div class=\"card\" >\n                                    <img src=\"#\" alt=\"\" class=\"qode-lazy-image\" data-image=\"https:\/\/milada.com\/ile-des-soeurs\/wp-content\/uploads\/sites\/4\/2017\/11\/eyeye.jpg\" style=\"width:1021px;height:1px\"data-ratio=\"0.68462291870715\" data-lazy=\"true\" \/>\n                            <\/div>\n            <\/div>\n    <div class=\"fake_card\">\n        <img src=\"https:\/\/milada.com\/ile-des-soeurs\/wp-content\/uploads\/sites\/4\/2017\/11\/eyeye.jpg\" alt=\"\">\n    <\/div>\n<\/div>[\/vc_column][\/vc_row][vc_row css_animation=\u00a0\u00bb\u00a0\u00bb row_type=\u00a0\u00bbrow\u00a0\u00bb use_row_as_full_screen_section=\u00a0\u00bbno\u00a0\u00bb type=\u00a0\u00bbgrid\u00a0\u00bb angled_section=\u00a0\u00bbno\u00a0\u00bb text_align=\u00a0\u00bbleft\u00a0\u00bb background_image_as_pattern=\u00a0\u00bbwithout_pattern\u00a0\u00bb css=\u00a0\u00bb.vc_custom_1519674771266{padding-top: 40px !important;padding-bottom: 40px !important;background-color: #f4e8e3 !important;}\u00a0\u00bb][vc_column]<div class='q_masonry_blog'><div class=\"q_masonry_blog_grid_sizer\"><\/div><div class=\"q_masonry_blog_grid_gutter\"><\/div><article  class='post-2520 post type-post status-publish format-standard has-post-thumbnail hentry category-blogue '><div class=\"q_masonry_blog_post_image\"><a itemprop=\"url\" href=\"https:\/\/milada.com\/ile-des-soeurs\/fr\/hyper-pigmentation-du-visage\/\" target=\"_self\"><img itemprop=\"image\" src=\"https:\/\/milada.com\/ile-des-soeurs\/wp-content\/uploads\/sites\/4\/2018\/11\/Hyper-Pigmentation-Facial.jpg\" \/><\/a><\/div><div class=\"q_masonry_blog_post_text\"><h5 itemprop=\"name\" class=\"q_masonry_blog_title entry_title\"><a itemprop=\"url\" href=\"https:\/\/milada.com\/ile-des-soeurs\/fr\/hyper-pigmentation-du-visage\/\">Hyper pigmentation du visage<\/a><\/h5><p itemprop=\"description\" class=\"q_masonry_blog_excerpt\">L'hyperpigmentation est une condition commune de la peau, g\u00e9n\u00e9ralement sans danger, qui cr\u00e9e la formation de taches fonc\u00e9es sur la peau. Cette pigmentation se produit lorsqu'il y a une accumulation de m\u00e9lanine, le pigment brun qui produit la couleur naturelle de la peau, qui se forme en d\u00e9p\u00f4t sur une zone de la peau....<\/p><div class=\"q_masonry_blog_post_info\"><span itemprop=\"dateCreated\" class=\"time entry_date updated\">08 novembre, 2018<meta itemprop=\"interactionCount\" content=\"UserComments: <?php echo get_comments_number(qode_get_page_id()); ?>\"\/><\/span><\/div><\/div><\/article><article  class='post-2513 post type-post status-publish format-standard has-post-thumbnail hentry category-blog category-blogue category-uncategorized '><div class=\"q_masonry_blog_post_image\"><a itemprop=\"url\" href=\"https:\/\/milada.com\/ile-des-soeurs\/fr\/butt-facial-soin-des-fesses\/\" target=\"_self\"><img itemprop=\"image\" src=\"https:\/\/milada.com\/ile-des-soeurs\/wp-content\/uploads\/sites\/4\/2018\/11\/butt.jpg\" \/><\/a><\/div><div class=\"q_masonry_blog_post_text\"><h5 itemprop=\"name\" class=\"q_masonry_blog_title entry_title\"><a itemprop=\"url\" href=\"https:\/\/milada.com\/ile-des-soeurs\/fr\/butt-facial-soin-des-fesses\/\">\u201cButt Facial\u201d Soin des fesses<\/a><\/h5><p itemprop=\"description\" class=\"q_masonry_blog_excerpt\">Remove pimples, acne, irritation, skin imperfections on your buttock in Montreal, Plateau Mont-Royal at Spa and Beauty Salon Milada...<\/p><div class=\"q_masonry_blog_post_info\"><span itemprop=\"dateCreated\" class=\"time entry_date updated\">05 novembre, 2018<meta itemprop=\"interactionCount\" content=\"UserComments: <?php echo get_comments_number(qode_get_page_id()); ?>\"\/><\/span><\/div><\/div><\/article><article  class='post-2467 post type-post status-publish format-standard has-post-thumbnail hentry category-blogue '><div class=\"q_masonry_blog_post_image\"><a itemprop=\"url\" href=\"https:\/\/milada.com\/ile-des-soeurs\/fr\/soin-chouchou-pour-la-future-mariee\/\" target=\"_self\"><img itemprop=\"image\" src=\"https:\/\/milada.com\/ile-des-soeurs\/wp-content\/uploads\/sites\/4\/2018\/06\/bride.jpg\" \/><\/a><\/div><div class=\"q_masonry_blog_post_text\"><h5 itemprop=\"name\" class=\"q_masonry_blog_title entry_title\"><a itemprop=\"url\" href=\"https:\/\/milada.com\/ile-des-soeurs\/fr\/soin-chouchou-pour-la-future-mariee\/\">Soin chouchou pour la future mari\u00e9e<\/a><\/h5><p itemprop=\"description\" class=\"q_masonry_blog_excerpt\">Soins avant le mariage afin de vous sentir \u00e0 votre meilleur!\r\n\r\nIl est de priorit\u00e9 de prendre soin de votre peau afin de pr\u00e9venir les \u00e9ruptions cutan\u00e9es, traiter les imperfections tels que les pores dilat\u00e9s, rides et ridules ainsi que d\u2019assurer la luminosit\u00e9 et la fermet\u00e9 de la peau....<\/p><div class=\"q_masonry_blog_post_info\"><span itemprop=\"dateCreated\" class=\"time entry_date updated\">18 juin, 2018<meta itemprop=\"interactionCount\" content=\"UserComments: <?php echo get_comments_number(qode_get_page_id()); ?>\"\/><\/span><\/div><\/div><\/article><\/div>[\/vc_column][\/vc_row][vc_row css_animation=\u00a0\u00bb\u00a0\u00bb row_type=\u00a0\u00bbrow\u00a0\u00bb use_row_as_full_screen_section=\u00a0\u00bbno\u00a0\u00bb type=\u00a0\u00bbfull_width\u00a0\u00bb angled_section=\u00a0\u00bbno\u00a0\u00bb text_align=\u00a0\u00bbleft\u00a0\u00bb background_image_as_pattern=\u00a0\u00bbwithout_pattern\u00a0\u00bb el_class=\u00a0\u00bbcalltobottom\u00a0\u00bb][vc_column][vc_column_text]<\/p>\n<h2 style=\"text-align: center;\">VISITEZ-NOUS POUR UNE CONSULTATION PAR NOS EXPERTS!<\/h2>\n<p>Nos offrons l&rsquo;\u00e9valuation personnalis\u00e9e de votre peau par nos professionnels des soins esth\u00e9tiques avant de vous engager \u00e0 un plan de traitements.<\/p>\n<p>Chez Milada, chaque traitement est adapt\u00e9 \u00e0 votre type, condition et sensibilit\u00e9 de peau.<\/p>\n<p>Nos technologies \u00e0 la fine pointe du domaine esth\u00e9tique combin\u00e9 \u00e0 nos traitements adapt\u00e9s et nos programmes de rajeunissement vous permettrons de vous sentir \u00e0 votre meilleur!<\/p>\n<ul id=\"call\">\n<li>Consultation gratuite par nos experts incluse dans tous les soins.<\/li>\n<li>Consultation sans soin: <strong>75$<\/strong><\/li>\n<\/ul>\n<p>[\/vc_column_text]<a id=\"consultation\" itemprop=\"url\" href=\"https:\/\/home.shortcutssoftware.com\/miladaspabookonline\" target=\"_blank\"  class=\"qbutton  center default\" style=\"\">Prenez Rendez-vous en Ligne<\/a>[\/vc_column][\/vc_row]<\/p>\n","protected":false},"excerpt":{"rendered":"<p>[vc_row css_animation=\u00a0\u00bb\u00a0\u00bb row_type=\u00a0\u00bbrow\u00a0\u00bb use_row_as_full_screen_section=\u00a0\u00bbno\u00a0\u00bb type=\u00a0\u00bbgrid\u00a0\u00bb angled_section=\u00a0\u00bbno\u00a0\u00bb text_align=\u00a0\u00bbleft\u00a0\u00bb background_image_as_pattern=\u00a0\u00bbwithout_pattern\u00a0\u00bb css=\u00a0\u00bb.vc_custom_1511297298419{padding-top: 40px !important;padding-bottom: 40px !important;}\u00a0\u00bb][vc_column][vc_column_text el_class=\u00a0\u00bbherorow\u00a0\u00bb] Salon-Boutique Milada: Clinique m\u00e9dico-esth\u00e9tique en plein coeur du Plateau Mont-Royal. Votre beaut\u00e9 commence ici! [\/vc_column_text][\/vc_column][\/vc_row][vc_row css_animation=\u00a0\u00bb\u00a0\u00bb row_type=\u00a0\u00bbrow\u00a0\u00bb use_row_as_full_screen_section=\u00a0\u00bbno\u00a0\u00bb type=\u00a0\u00bbgrid\u00a0\u00bb angled_section=\u00a0\u00bbno\u00a0\u00bb text_align=\u00a0\u00bbleft\u00a0\u00bb background_image_as_pattern=\u00a0\u00bbwithout_pattern\u00a0\u00bb css=\u00a0\u00bb.vc_custom_1510864475817{padding-top: 60px !important;padding-bottom: 60px !important;}\u00a0\u00bb el_class=\u00a0\u00bbview-our-promo\u00a0\u00bb][vc_column width=\u00a0\u00bb1\/2&Prime;][vc_column_text el_class=\u00a0\u00bbdiscover-prom\u00a0\u00bb] D\u00c9COUVREZ&#8230;<\/p>\n","protected":false},"author":1,"featured_media":0,"parent":0,"menu_order":0,"comment_status":"closed","ping_status":"closed","template":"full_width.php","meta":{"footnotes":""},"yoast_head":"<!-- This site is optimized with the Yoast SEO plugin v20.13 - https:\/\/yoast.com\/wordpress\/plugins\/seo\/ -->\n<title>Milada M\u00e9dical Spa, Salon de beaut\u00e9, Soins anti-\u00e2ge facials ile des soeurs<\/title>\n<meta name=\"description\" content=\"Best Facial Spa, Rejuvenation Anti Age Clinic, Skin Care Beauty Salon, Medical Esthetics Procedures for Face and Body, Milada ile des soeurs, Rive Sud Montreal\" \/>\n<meta name=\"robots\" content=\"index, follow, max-snippet:-1, max-image-preview:large, max-video-preview:-1\" \/>\n<link rel=\"canonical\" href=\"https:\/\/milada.com\/ile-des-soeurs\/fr\/\" \/>\n<meta property=\"og:locale\" content=\"fr_FR\" \/>\n<meta property=\"og:type\" content=\"article\" \/>\n<meta property=\"og:title\" content=\"Milada M\u00e9dical Spa, Salon de beaut\u00e9, Soins anti-\u00e2ge facials ile des soeurs\" \/>\n<meta property=\"og:description\" content=\"Best Facial Spa, Rejuvenation Anti Age Clinic, Skin Care Beauty Salon, Medical Esthetics Procedures for Face and Body, Milada ile des soeurs, Rive Sud Montreal\" \/>\n<meta property=\"og:url\" content=\"https:\/\/milada.com\/ile-des-soeurs\/fr\/\" \/>\n<meta property=\"og:site_name\" content=\"Salon Spa Milada Ile Des Soeurs\" \/>\n<meta property=\"article:modified_time\" content=\"2023-09-28T18:14:49+00:00\" \/>\n<meta property=\"og:image\" content=\"https:\/\/milada.com\/ile-des-soeurs\/wp-content\/uploads\/sites\/4\/2017\/11\/butsm.png\" \/>\n<meta name=\"twitter:card\" content=\"summary_large_image\" \/>\n<meta name=\"twitter:label1\" content=\"Dur\u00e9e de lecture estim\u00e9e\" \/>\n\t<meta name=\"twitter:data1\" content=\"1 minute\" \/>\n<script type=\"application\/ld+json\" class=\"yoast-schema-graph\">{\"@context\":\"https:\/\/schema.org\",\"@graph\":[{\"@type\":\"WebPage\",\"@id\":\"https:\/\/milada.com\/ile-des-soeurs\/fr\/\",\"url\":\"https:\/\/milada.com\/ile-des-soeurs\/fr\/\",\"name\":\"Milada M\u00e9dical Spa, Salon de beaut\u00e9, Soins anti-\u00e2ge facials ile des soeurs\",\"isPartOf\":{\"@id\":\"https:\/\/milada.com\/ile-des-soeurs\/#website\"},\"datePublished\":\"2018-02-11T21:14:29+00:00\",\"dateModified\":\"2023-09-28T18:14:49+00:00\",\"description\":\"Best Facial Spa, Rejuvenation Anti Age Clinic, Skin Care Beauty Salon, Medical Esthetics Procedures for Face and Body, Milada ile des soeurs, Rive Sud Montreal\",\"breadcrumb\":{\"@id\":\"https:\/\/milada.com\/ile-des-soeurs\/fr\/#breadcrumb\"},\"inLanguage\":\"fr-FR\",\"potentialAction\":[{\"@type\":\"ReadAction\",\"target\":[\"https:\/\/milada.com\/ile-des-soeurs\/fr\/\"]}]},{\"@type\":\"BreadcrumbList\",\"@id\":\"https:\/\/milada.com\/ile-des-soeurs\/fr\/#breadcrumb\",\"itemListElement\":[{\"@type\":\"ListItem\",\"position\":1,\"name\":\"Home\",\"item\":\"https:\/\/milada.com\/ile-des-soeurs\/fr\/\"},{\"@type\":\"ListItem\",\"position\":2,\"name\":\"Accueil\"}]},{\"@type\":\"WebSite\",\"@id\":\"https:\/\/milada.com\/ile-des-soeurs\/#website\",\"url\":\"https:\/\/milada.com\/ile-des-soeurs\/\",\"name\":\"Salon Spa Milada Ile Des Soeurs\",\"description\":\"Just another Milada Sites site\",\"potentialAction\":[{\"@type\":\"SearchAction\",\"target\":{\"@type\":\"EntryPoint\",\"urlTemplate\":\"https:\/\/milada.com\/ile-des-soeurs\/?s={search_term_string}\"},\"query-input\":\"required name=search_term_string\"}],\"inLanguage\":\"fr-FR\"}]}<\/script>\n<!-- \/ Yoast SEO plugin. -->","yoast_head_json":{"title":"Milada M\u00e9dical Spa, Salon de beaut\u00e9, Soins anti-\u00e2ge facials ile des soeurs","description":"Best Facial Spa, Rejuvenation Anti Age Clinic, Skin Care Beauty Salon, Medical Esthetics Procedures for Face and Body, Milada ile des soeurs, Rive Sud Montreal","robots":{"index":"index","follow":"follow","max-snippet":"max-snippet:-1","max-image-preview":"max-image-preview:large","max-video-preview":"max-video-preview:-1"},"canonical":"https:\/\/milada.com\/ile-des-soeurs\/fr\/","og_locale":"fr_FR","og_type":"article","og_title":"Milada M\u00e9dical Spa, Salon de beaut\u00e9, Soins anti-\u00e2ge facials ile des soeurs","og_description":"Best Facial Spa, Rejuvenation Anti Age Clinic, Skin Care Beauty Salon, Medical Esthetics Procedures for Face and Body, Milada ile des soeurs, Rive Sud Montreal","og_url":"https:\/\/milada.com\/ile-des-soeurs\/fr\/","og_site_name":"Salon Spa Milada Ile Des Soeurs","article_modified_time":"2023-09-28T18:14:49+00:00","og_image":[{"url":"https:\/\/milada.com\/ile-des-soeurs\/wp-content\/uploads\/sites\/4\/2017\/11\/butsm.png"}],"twitter_card":"summary_large_image","twitter_misc":{"Dur\u00e9e de lecture estim\u00e9e":"1 minute"},"schema":{"@context":"https:\/\/schema.org","@graph":[{"@type":"WebPage","@id":"https:\/\/milada.com\/ile-des-soeurs\/fr\/","url":"https:\/\/milada.com\/ile-des-soeurs\/fr\/","name":"Milada M\u00e9dical Spa, Salon de beaut\u00e9, Soins anti-\u00e2ge facials ile des soeurs","isPartOf":{"@id":"https:\/\/milada.com\/ile-des-soeurs\/#website"},"datePublished":"2018-02-11T21:14:29+00:00","dateModified":"2023-09-28T18:14:49+00:00","description":"Best Facial Spa, Rejuvenation Anti Age Clinic, Skin Care Beauty Salon, Medical Esthetics Procedures for Face and Body, Milada ile des soeurs, Rive Sud Montreal","breadcrumb":{"@id":"https:\/\/milada.com\/ile-des-soeurs\/fr\/#breadcrumb"},"inLanguage":"fr-FR","potentialAction":[{"@type":"ReadAction","target":["https:\/\/milada.com\/ile-des-soeurs\/fr\/"]}]},{"@type":"BreadcrumbList","@id":"https:\/\/milada.com\/ile-des-soeurs\/fr\/#breadcrumb","itemListElement":[{"@type":"ListItem","position":1,"name":"Home","item":"https:\/\/milada.com\/ile-des-soeurs\/fr\/"},{"@type":"ListItem","position":2,"name":"Accueil"}]},{"@type":"WebSite","@id":"https:\/\/milada.com\/ile-des-soeurs\/#website","url":"https:\/\/milada.com\/ile-des-soeurs\/","name":"Salon Spa Milada Ile Des Soeurs","description":"Just another Milada Sites site","potentialAction":[{"@type":"SearchAction","target":{"@type":"EntryPoint","urlTemplate":"https:\/\/milada.com\/ile-des-soeurs\/?s={search_term_string}"},"query-input":"required name=search_term_string"}],"inLanguage":"fr-FR"}]}},"_links":{"self":[{"href":"https:\/\/milada.com\/ile-des-soeurs\/fr\/wp-json\/wp\/v2\/pages\/1945"}],"collection":[{"href":"https:\/\/milada.com\/ile-des-soeurs\/fr\/wp-json\/wp\/v2\/pages"}],"about":[{"href":"https:\/\/milada.com\/ile-des-soeurs\/fr\/wp-json\/wp\/v2\/types\/page"}],"author":[{"embeddable":true,"href":"https:\/\/milada.com\/ile-des-soeurs\/fr\/wp-json\/wp\/v2\/users\/1"}],"replies":[{"embeddable":true,"href":"https:\/\/milada.com\/ile-des-soeurs\/fr\/wp-json\/wp\/v2\/comments?post=1945"}],"version-history":[{"count":16,"href":"https:\/\/milada.com\/ile-des-soeurs\/fr\/wp-json\/wp\/v2\/pages\/1945\/revisions"}],"predecessor-version":[{"id":3383,"href":"https:\/\/milada.com\/ile-des-soeurs\/fr\/wp-json\/wp\/v2\/pages\/1945\/revisions\/3383"}],"wp:attachment":[{"href":"https:\/\/milada.com\/ile-des-soeurs\/fr\/wp-json\/wp\/v2\/media?parent=1945"}],"curies":[{"name":"wp","href":"https:\/\/api.w.org\/{rel}","templated":true}]}}